{"id":1007,"date":"2021-11-30T00:15:14","date_gmt":"2021-11-29T22:15:14","guid":{"rendered":"https:\/\/heikkilaakso.com\/?page_id=1007"},"modified":"2026-04-20T23:40:54","modified_gmt":"2026-04-20T20:40:54","slug":"portaali","status":"publish","type":"page","link":"https:\/\/heikkilaakso.com\/","title":{"rendered":"Portaali"},"content":{"rendered":"\t\t<div data-elementor-type=\"wp-page\" data-elementor-id=\"1007\" class=\"elementor elementor-1007\" data-elementor-settings=\"[]\">\n\t\t\t\t\t\t<div class=\"elementor-inner\">\n\t\t\t\t\t\t\t<div class=\"elementor-section-wrap\">\n\t\t\t\t\t\t\t<section class=\"elementor-section elementor-top-section elementor-element elementor-element-93b42f3 elementor-section-boxed elementor-section-height-default elementor-section-height-default\" data-id=\"93b42f3\" data-element_type=\"section\">\n\t\t\t\t\t\t<div class=\"elementor-container elementor-column-gap-default\">\n\t\t\t\t\t\t\t<div class=\"elementor-row\">\n\t\t\t\t\t<div class=\"elementor-column elementor-col-50 elementor-top-column elementor-element elementor-element-8c67436\" data-id=\"8c67436\" data-element_type=\"column\">\n\t\t\t<div class=\"elementor-column-wrap elementor-element-populated\">\n\t\t\t\t\t\t\t<div class=\"elementor-widget-wrap\">\n\t\t\t\t\t\t<section class=\"elementor-section elementor-inner-section elementor-element elementor-element-0a7ee82 elementor-section-boxed elementor-section-height-default elementor-section-height-default\" data-id=\"0a7ee82\" data-element_type=\"section\">\n\t\t\t\t\t\t<div class=\"elementor-container elementor-column-gap-default\">\n\t\t\t\t\t\t\t<div class=\"elementor-row\">\n\t\t\t\t\t<div class=\"elementor-column elementor-col-50 elementor-inner-column elementor-element elementor-element-8335e60\" data-id=\"8335e60\" data-element_type=\"column\">\n\t\t\t<div class=\"elementor-column-wrap elementor-element-populated\">\n\t\t\t\t\t\t\t<div class=\"elementor-widget-wrap\">\n\t\t\t\t\t\t<div class=\"elementor-element elementor-element-e1a9dec elementor-widget elementor-widget-text-editor\" data-id=\"e1a9dec\" data-element_type=\"widget\" data-widget_type=\"text-editor.default\">\n\t\t\t\t<div class=\"elementor-widget-container\">\n\t\t\t\t\t\t\t\t<div class=\"elementor-text-editor elementor-clearfix\">\n\t\t\t\t\t<p><a href=\"https:\/\/mail.yahoo.com\/n\/inbox\/priority?.src=ym&amp;reason=novation\">Yahoo<\/a><a href=\"https:\/\/www.yahoo.com\/\">!<\/a><br \/><a href=\"http:\/\/telsu.fi\">Telsu <\/a><a href=\"http:\/\/areena.yle.fi\/tv\">Areena<\/a><a href=\"https:\/\/fi.hbonordic.com\/\">\u00a0<\/a><a href=\"https:\/\/www.netflix.com\/fi\/\">Netflix <\/a><a href=\"https:\/\/fi.hbonordic.com\/\">MAX<\/a> <br \/><a href=\"https:\/\/www.mtv.fi\/\">Katsomo<\/a>\u00a0<a href=\"http:\/\/www.ruutu.fi\/\">Ruutu<\/a> <a href=\"https:\/\/www.svtplay.se\/\">SVT<\/a> <a href=\"https:\/\/www.bbc.co.uk\/iplayer\/group\/p05pn9jr\">BBC<\/a> <a href=\"https:\/\/www.natgeotv.com\/fi?gad_source=1&amp;gclid=Cj0KCQjwltKxBhDMARIsAG8KnqUfTtcpbxtgSG8CWYZWn0Mn3SQTS91Xx2oAH6eGPxL05C8l3XXTSLEaApOzEALw_wcB\">NG<\/a> <a href=\"https:\/\/www.rakuten.tv\/fi\">Rakuten<\/a><br \/><a href=\"https:\/\/www.kadaza.fi\/\">Kadaza<\/a><br \/><a href=\"https:\/\/www.microsoft365.com\/?auth=1\">MS365<\/a> <a style=\"font-family: Roboto, sans-serif; font-size: 15px; font-style: normal; font-weight: 400;\" href=\"https:\/\/onedrive.live.com\/?id=root&amp;cid=01F326DCB8CFABE4\">OD <\/a>\u00a0<a style=\"font-family: Roboto, sans-serif; font-size: 15px; font-style: normal; font-weight: 400;\" href=\"https:\/\/drive.google.com\/drive\/my-drive\">GD <\/a><a style=\"font-family: Roboto, sans-serif; font-size: 15px; font-style: normal; font-weight: 400;\" href=\"https:\/\/www.dropbox.com\/h\">DB<\/a><br \/><a href=\"http:\/\/yle.fi\">Yle <\/a><a href=\"http:\/\/www.aamulehti.fi\">AL <\/a><a href=\"https:\/\/suomenkuvalehti.fi\/\">SK<\/a> <a href=\"http:\/\/www.hs.fi\">HS <\/a><a href=\"https:\/\/moreenimedia.fi\/\">MM<\/a> <a href=\"https:\/\/www.verkkouutiset.fi\/\">VU<\/a> <a href=\"https:\/\/www.tamperelainen.fi\/\">Tamp<\/a>.<br \/><a href=\"https:\/\/www.bbc.com\/\">BBC<\/a> <a href=\"https:\/\/www.svt.se\/\">SVT<\/a><br \/><a href=\"https:\/\/www.k-ruoka.fi\/kauppa\/k-citymarket-pirkkala\">K <\/a><a href=\"https:\/\/www.lidl.fi\/tarjoukset\">L<\/a>\u00a0<a href=\"https:\/\/www.prisma.fi\/myymalat\/726188684\">S<\/a><br \/><a href=\"https:\/\/www.foreca.fi\/Finland\/Ruovesi\">S\u00e4\u00e4R\u00a0<\/a><a href=\"https:\/\/www.foreca.fi\/Finland\/Tampere\/Harmala\">S\u00e4\u00e4T<\/a> <a href=\"https:\/\/www.foreca.fi\/Finland\/Hameenkyro\">S\u00e4\u00e4H<\/a> <a href=\"https:\/\/www.foreca.fi\/Finland\/Jamsa\">S\u00e4\u00e4J<\/a><br \/><a href=\"http:\/\/www.ilmailusaa.fi\/\">Ilmailus\u00e4\u00e4<\/a><br \/><a href=\"https:\/\/www.fonecta.fi\/\">Fonecta<\/a>\u00a0<a href=\"https:\/\/reittiopas.tampere.fi\/\">Repa<br \/><\/a><a href=\"https:\/\/nella.tampere.fi\/#\/login\">Nella<\/a>\u00a0<a href=\"https:\/\/www.nysse.fi\/aikataulut.html\">Nysse<br \/><\/a><a href=\"https:\/\/cpanel.hostinger.fi\/hosting\/index\/aid\/8986448\">Hostinger<br \/><\/a><a href=\"http:\/\/www.heikkilaakso.com\">Sivusto\u00a0<\/a> <a href=\"http:\/\/www.heikkilaakso.com\/wp-admin\">yp<\/a><br \/><a href=\"https:\/\/heikkilaakso.com\/musiikki\/\">Musiikkia <\/a><a href=\"https:\/\/www.dropbox.com\/home\/WW\">WW<\/a> <a href=\"https:\/\/heikkilaakso.com\/kuvia\/\">Sekalaista<br \/><\/a><a href=\"http:\/\/heikkilaakso.wordpress.com\/\">WP<\/a>\u00a0<a href=\"https:\/\/saaristolaivuri.wordpress.com\/\">SL<\/a> <a href=\"https:\/\/rannikkolaivuri.wordpress.com\/\">RL<\/a>\u00a0<a href=\"http:\/\/tampereennavigaatioseura.wordpress.com\/\">TANS<br \/><\/a><a href=\"https:\/\/heikkikokkaa.wordpress.com\/\">Heikin keitti\u00f6ss\u00e4<\/a>\u00a0<a href=\"https:\/\/heikkikokkaa.wordpress.com\/wp-admin\">\u00a0yp<\/a><br \/><a href=\"https:\/\/heikkilaakso.com\/vaao\/\">Iso G<\/a>\u00a0<a href=\"https:\/\/server5.kproxy.com\/\">px<\/a> <a href=\"https:\/\/www.nordkeyboards.com\/\">Nord<\/a><br \/><a style=\"font-size: 15px;\" href=\"https:\/\/www.ultimate-guitar.com\/\">Ultimate Guitar<\/a><br \/><a href=\"https:\/\/mychords.net\/en\/\">My Chords<\/a><br \/><a href=\"https:\/\/jazzstudies.us\/\">Jazz Studies<\/a><br \/><a href=\"https:\/\/kulttuuritoimitus.fi\/\">Kulttuuritoimitus<\/a><\/p><p><a href=\"https:\/\/www.bimiparsakaali.fi\/laita-ruokaa-bimist%C3%A4\/ruuanlaittovinkkej%C3%A4\/hallitse-viiden-ranskalaisen-kastikkeen-valmistus?utm_source=paid_social&amp;utm_medium=meta&amp;utm_campaign=Dec21_Proud_Brand_Traffic&amp;utm_content=French%20revamp%20-%20benchamel%20%E2%80%93%20Copy&amp;fbclid=IwAR1ZJD-sPija4iJ4VSxEaWsDPECogGGsbXRq_tpcUU2ymGuJOkxLh82PL38\">Kastikkeet<\/a><\/p><p><a href=\"https:\/\/www.ostavastuullisesti.fi\/\">Osta vastuullisesti<\/a><br \/><a href=\"https:\/\/www.pielisenkala.fi\/\">Pielisen kala<\/a><br \/><a href=\"https:\/\/www.jarkisarki.fi\/\">J\u00e4rkis\u00e4rki<\/a><br \/><a href=\"https:\/\/sillikonttori.fi\/\">Silli\u00e4<\/a><br \/><a href=\"https:\/\/saimaantuore.fi\/?fbclid=IwY2xjawFa079leHRuA2FlbQIxMAABHZ4W3o03Uj6mZoOtqhGqhXbfB9297nhFjDETrHTckqzhK-iaK5fYX3ZgTQ_aem_gUvpSXcSk8Ke360rAFoVFA\">Saimaan tuore<\/a><br \/><a href=\"https:\/\/www.saasyoda.fi\/\">Saa Sy\u00f6d\u00e4<\/a><br \/><a href=\"https:\/\/www.naapurinmaalaiskana.fi\/\">Naapurin maalaiskana<\/a><br \/><a href=\"https:\/\/www.familia.fi\/\">Familia<\/a><br \/><a href=\"https:\/\/www.philips.fi\/c-e\/ho\/ruoanlaitto\/airfryer\/airfryer-reseptit.html\">Airfryer<\/a><br \/><a href=\"https:\/\/www.delish.com\/cooking\/g4711\/air-fryer-recipes\/\">Delish<\/a><br \/><a href=\"https:\/\/www.tasteatlas.com\/\">Tasteatlas<\/a><\/p>\t\t\t\t\t<\/div>\n\t\t\t\t\t\t<\/div>\n\t\t\t\t<\/div>\n\t\t\t\t\t\t<\/div>\n\t\t\t\t\t<\/div>\n\t\t<\/div>\n\t\t\t\t<div class=\"elementor-column elementor-col-50 elementor-inner-column elementor-element elementor-element-cba79a8\" data-id=\"cba79a8\" data-element_type=\"column\">\n\t\t\t<div class=\"elementor-column-wrap elementor-element-populated\">\n\t\t\t\t\t\t\t<div class=\"elementor-widget-wrap\">\n\t\t\t\t\t\t<div class=\"elementor-element elementor-element-b873fc0 elementor-widget elementor-widget-text-editor\" data-id=\"b873fc0\" data-element_type=\"widget\" data-widget_type=\"text-editor.default\">\n\t\t\t\t<div class=\"elementor-widget-container\">\n\t\t\t\t\t\t\t\t<div class=\"elementor-text-editor elementor-clearfix\">\n\t\t\t\t\t<p><a href=\"http:\/\/www.sampopankki.fi\">Danske<\/a> <a href=\"http:\/\/www.alandsbanken.fi\/\">\u00c5lands<\/a> <a href=\"https:\/\/www.banknorwegian.fi\/\">Norwegian<\/a> <a href=\"https:\/\/www.nordeafinance.fi\/henkiloasiakkaat\/palvelumme\/kortit-ja-kulutusluotot\/omaluotto.html\">Nordea<\/a> <a href=\"https:\/\/www.pirha.fi\/asiakkaalle\/asioi-digitaalisesti\/omapirha\">Pirha<\/a> <a href=\"https:\/\/www.kanta.fi\/\">Kanta<\/a> <a href=\"https:\/\/www.keva.fi\/henkiloasiakkaalle\/omat-elaketietosi\/\">Keva<\/a><br \/><a href=\"https:\/\/www.suomi.fi\/etusivu\/\">Suomi.fi<\/a> <a href=\"https:\/\/www.vero.fi\/sahkoiset-asiointipalvelut\/omavero\/\">\u00a0Omavero<\/a> <a href=\"https:\/\/oma.posti.fi\/fi\/inbox\">OmaPosti<\/a> <br \/><a href=\"https:\/\/www.lahitapiola.fi\/henkilo\">L\u00e4hiTapiola<\/a> <a href=\"https:\/\/minunpalveluni.dna.fi\/palveluni\">DNA\u00a0 <\/a><a href=\"https:\/\/web.fortum.fi\/dashboard\">Oma Fortum<\/a> <a href=\"https:\/\/inbox.kivra.fi\/user\/1653126123b8cde1e77f734cffb10fc2ec4cea61fa\/\">Kivra<\/a><br \/><a href=\"https:\/\/www.kotikatu.fi\/kiinteistohuolto\/pirkanmaa\/tampere\/\">Kotikatu<\/a> <a href=\"https:\/\/huoneistotieto.fi\/fi-FI\/app\/apartment\">Huoneistotieto<\/a><\/p><p><a href=\"https:\/\/tampere.opistopalvelut.fi\/?redir=\/#!\/login?redir=%2F\">Sampola\u00a0<\/a><a href=\"https:\/\/ahjola.opistopalvelut.fi\/?redir=\/#!\/login?redir=%2F\">Ahjola<br \/><\/a><a href=\"https:\/\/www.tampere.fi\/tyovaenopisto\/opistoinfo\/henkilokunta.html\">Tampere\u00a0<\/a><a href=\"https:\/\/www.sopimusvuori.fi\/\">Sopimusvuori<\/a><a href=\"https:\/\/opistopalvelut.fi\/tampere\/courses.php?l=fi#pos-3-18-2803\"><br \/><\/a><a href=\"https:\/\/www.opistopalvelut.fi\/pirkanopisto\/courses.php?l=fi#pos-5-14-91\">Pirkan Opisto<\/a> <a href=\"https:\/\/opistopalvelut.fi\/ahjolankansalaisopisto\/index.php\">Ahjola<\/a><br \/><a href=\"https:\/\/opistopalvelut.fi\/tampere\/\">Sampolan kurssit<\/a><\/p><p><a href=\"https:\/\/bard.google.com\/?hl=fi\">Bard <\/a><a href=\"https:\/\/openai.com\/blog\/chatgpt\">ChatGPT<\/a><br \/><a href=\"https:\/\/www.bing.com\/search?q=Bing+AI&amp;showconv=1&amp;FORM=hpcodx\">Bing keskustelu<\/a><br \/><a href=\"https:\/\/www.elementsofai.com\/fi\/\">Elements of AI<\/a><br \/><a href=\"https:\/\/aitubo.ai\/?gclid=Cj0KCQiA7aSsBhCiARIsALFvovwK9WfY6J3MdGzvNWd57iuE4pVv5_LqLEN_UIwhm_7M1Kw0PpZ5imgaAv3DEALw_wcB\">Stable Diffusion<\/a><br \/><a href=\"https:\/\/docs.midjourney.com\/\">Midjourney<\/a><br \/><a href=\"https:\/\/piki.finna.fi\/\">Kirjasto <\/a><a style=\"font-size: 15px;\" href=\"https:\/\/finna.fi\/\">Finna.fi<\/a><br \/><a style=\"font-size: 15px;\" href=\"https:\/\/www.gutenberg.org\/\">Gutenberg <\/a><a style=\"font-size: 15px;\" href=\"http:\/\/gutenberg.net.au\/\">Gutenberg au<\/a><\/p><p><a href=\"http:\/\/www.makesushi.com\/\">Make sushi<br \/><\/a><a href=\"http:\/\/www.sousvide.fi\/\">Sous Vide<br \/><\/a><a href=\"http:\/\/www.terveisetravintoketjunhuipulta.com\/2014\/12\/Sansair-sous-vide-sirkulaattori-tyhjiokypsennyslaite-vesihaudekypsennin.html\">Ravintoketjun huipulta<\/a><a href=\"http:\/\/www.surlatable.com\/images\/pdfs\/Sansaire%20Cookbooklet.pdf\"><br \/><\/a><a href=\"http:\/\/www.pororeseptit.fi\/\">Pororeseptit<br \/><\/a><a href=\"http:\/\/www.lammasreseptit.com\/\">Lammasreseptit<\/a><br \/><a href=\"https:\/\/www.curtisstone.com\/\">Curtis Stone<br \/><\/a><a href=\"https:\/\/www.nigella.com\/\">Nigella Lawson<\/a><br \/><a href=\"https:\/\/akispetretzikis.com\/\">Akis Petretzikis<br \/><\/a><a href=\"https:\/\/www.harighotra.co.uk\/indian-recipes\">Hari Ghotra<\/a><br \/><a href=\"https:\/\/gastrodontti.fi\/wp\/\">Gastrodontti<\/a><br \/><a href=\"http:\/\/epatrendikasruokablogi.blogspot.com\/\">Ep\u00e4trendik\u00e4s ruokablogi<\/a><br \/><a href=\"https:\/\/siskotkokkaa.blogspot.com\/\">Siskot kokkaa<\/a><br \/><a href=\"https:\/\/liemessa.fi\/\">Liemess\u00e4<\/a><br \/><a href=\"https:\/\/pienipunainenkeittio.com\/\">Peggyn pieni punainen keitti\u00f6<\/a><br \/><a href=\"https:\/\/www.asmallstove.com\/\">Mary Berg<\/a><br \/><a href=\"https:\/\/herkuttelija.fi\/\">Herkuttelija<\/a><br \/><a href=\"https:\/\/www.recipetineats.com\/\">RecipeTin Eats<\/a><\/p>\t\t\t\t\t<\/div>\n\t\t\t\t\t\t<\/div>\n\t\t\t\t<\/div>\n\t\t\t\t\t\t<\/div>\n\t\t\t\t\t<\/div>\n\t\t<\/div>\n\t\t\t\t\t\t\t\t<\/div>\n\t\t\t\t\t<\/div>\n\t\t<\/section>\n\t\t\t\t\t\t<\/div>\n\t\t\t\t\t<\/div>\n\t\t<\/div>\n\t\t\t\t<div class=\"elementor-column elementor-col-50 elementor-top-column elementor-element elementor-element-ab1b53a\" data-id=\"ab1b53a\" data-element_type=\"column\">\n\t\t\t<div class=\"elementor-column-wrap elementor-element-populated\">\n\t\t\t\t\t\t\t<div class=\"elementor-widget-wrap\">\n\t\t\t\t\t\t<section class=\"elementor-section elementor-inner-section elementor-element elementor-element-bcd5ea0 elementor-section-boxed elementor-section-height-default elementor-section-height-default\" data-id=\"bcd5ea0\" data-element_type=\"section\">\n\t\t\t\t\t\t<div class=\"elementor-container elementor-column-gap-default\">\n\t\t\t\t\t\t\t<div class=\"elementor-row\">\n\t\t\t\t\t<div class=\"elementor-column elementor-col-50 elementor-inner-column elementor-element elementor-element-2a35dc7\" data-id=\"2a35dc7\" data-element_type=\"column\">\n\t\t\t<div class=\"elementor-column-wrap elementor-element-populated\">\n\t\t\t\t\t\t\t<div class=\"elementor-widget-wrap\">\n\t\t\t\t\t\t<div class=\"elementor-element elementor-element-43247d7 elementor-widget elementor-widget-text-editor\" data-id=\"43247d7\" data-element_type=\"widget\" data-widget_type=\"text-editor.default\">\n\t\t\t\t<div class=\"elementor-widget-container\">\n\t\t\t\t\t\t\t\t<div class=\"elementor-text-editor elementor-clearfix\">\n\t\t\t\t\t<p><a href=\"http:\/\/www.sailmate.fi\/\">Sailmate<\/a><br \/><a href=\"https:\/\/www.windguru.cz\/55360\">Windguru<\/a><br \/><a href=\"https:\/\/www.windy.com\/?61.911,24.086,14\">Windy<\/a><a href=\"https:\/\/www.windguru.cz\/55360\"><br \/><\/a><a href=\"http:\/\/www.marinetraffic.com\/ais\/#\">Laivaliikenne<br \/><\/a><a href=\"http:\/\/www.seasources.net\/\">SeaSources<br \/><\/a><a href=\"https:\/\/nauticalcharts.noaa.gov\/publications\/docs\/us-chart-1\/ChartNo1.pdf\">U.S. Chart No. 1<\/a><\/p><p><a href=\"http:\/\/www.tans.fi\/\">Navigaatioseura<\/a>\u00a0\u00a0<a href=\"http:\/\/www.tans.fi\/wp-admin\">yp<\/a>\u00a0<br \/><a href=\"https:\/\/www.navigoinninopettajat.fi\/\">Navigoinninopettajat<\/a><br \/><a href=\"http:\/\/www.suomennavigaatioliitto.com\/\">SNL<\/a><br \/><a href=\"https:\/\/www.clearsky.fi\/purjehdus\">Panacea<\/a><br \/><a href=\"https:\/\/ruffe.fi\/\">Ruffe<\/a><br \/><a href=\"https:\/\/ellainthearctic.co.uk\/\">Ella in the arctic<\/a><br \/><a href=\"https:\/\/alluringarctic.com\/?fbclid=IwZXh0bgNhZW0CMTAAAR0rSKyc_ZNAFgmOIZ_EHh-MnV8G9eBuJ8dBhhO9Ou-zO0Ooy6urjeLmtsE_aem_ksPXvdni_QrQfjy8zqq__A\">Alluring arctic<\/a><br \/><a href=\"http:\/\/taps.fi\/\">Taps<\/a>\u00a0<a href=\"http:\/\/www.nasijarvenpurjehdusseura.fi\/\">N<\/a>\u00a0<a href=\"http:\/\/www.tampereenveneilijat.com\/\">Tave<\/a>\u00a0<a href=\"http:\/\/www.vene71.fi\/\">Vene-71<\/a><br \/><a style=\"font-size: 15px;\" href=\"https:\/\/www.ilosailing.fi\/\">Ilo sailing<\/a><br \/><a href=\"https:\/\/stek.fi\/veneilijalle\/sahko-ja-vene-opas\/\">Stek<\/a>,\u00a0<a href=\"https:\/\/www.google.com\/search?q=raja.fi+veneily&amp;oq=raja.fi+veneily&amp;aqs=chrome..69i57j0i333l2j69i60.10791j0j7&amp;sourceid=chrome&amp;ie=UTF-8\">Raja<\/a><br \/><a href=\"http:\/\/www.suomenvaltameripurjehtijat.fi\/\">Valtameripurjehtijat<\/a><br \/><a href=\"https:\/\/totheoceans.com\/2023\/09\/07\/family-project-sail-for-good\/?fbclid=IwAR1aEhL2secUEszx075UmqpzVMyxZFjsUF2iIOIjGkEfuoeLfVNUxq42rC8\">To The Oceans<\/a><br \/><a href=\"http:\/\/hamburg-vii.fi\/fi\/navigation\/stellar\/stellar-01.html\">Hamburg VII<br \/><\/a><a href=\"http:\/\/www.yrvind.com\/\">Yrvind<\/a><\/p><p><a href=\"http:\/\/www.pirkanilmailijat.fi\/\">PiR\u00a0<\/a><a href=\"http:\/\/www.tiy.fi\/\">Tiy<\/a><a href=\"http:\/\/www.ilmailusaa.fi\/\"><br \/><\/a><a href=\"http:\/\/www.flightforum.fi\/\">FlightForum<\/a><br \/><a href=\"https:\/\/www.flightsim.com\/\">FightSim<\/a><br \/><a href=\"http:\/\/my.pinkfroot.com\/\">Pinkfroot<br \/><\/a><a href=\"http:\/\/wxmaps.org\/\">w<\/a><a href=\"http:\/\/www.gefs-online.com\/\">GEFS<\/a><br \/><a href=\"https:\/\/planehistoria.com\/\">PlaneHistoria<\/a><\/p><p><a href=\"http:\/\/www.w3schools.com\/\">w3schools<br \/><\/a><a href=\"http:\/\/overapi.com\/\">OverAPI.com<br \/><\/a><a href=\"http:\/\/flossmanuals.net\/\">FLOSS Manuals<\/a> <br \/><a href=\"https:\/\/pinetools.com\/\">Pine Tools<\/a><br \/><a href=\"https:\/\/wordpress.org\/\">WordPress<\/a><br \/><a href=\"https:\/\/padlet.com\/features\">Padlet<\/a><br \/><a href=\"https:\/\/henrisilvan.com\/blogi\">Henri Silvan<\/a><br \/><a href=\"https:\/\/minimuutti.com\/aktivointi\/?fbclid=IwAR13RgFaeHwgjSX2GFAb0fL2tdeurvAR2R3IfWlHtYkYmrq-oCPwViph9L4\">Minimuutin matkassa<\/a><\/p>\t\t\t\t\t<\/div>\n\t\t\t\t\t\t<\/div>\n\t\t\t\t<\/div>\n\t\t\t\t\t\t<\/div>\n\t\t\t\t\t<\/div>\n\t\t<\/div>\n\t\t\t\t<div class=\"elementor-column elementor-col-50 elementor-inner-column elementor-element elementor-element-d1ec248\" data-id=\"d1ec248\" data-element_type=\"column\">\n\t\t\t<div class=\"elementor-column-wrap elementor-element-populated\">\n\t\t\t\t\t\t\t<div class=\"elementor-widget-wrap\">\n\t\t\t\t\t\t<div class=\"elementor-element elementor-element-8da0dc3 elementor-widget elementor-widget-text-editor\" data-id=\"8da0dc3\" data-element_type=\"widget\" data-widget_type=\"text-editor.default\">\n\t\t\t\t<div class=\"elementor-widget-container\">\n\t\t\t\t\t\t\t\t<div class=\"elementor-text-editor elementor-clearfix\">\n\t\t\t\t\t<p><a style=\"font-family: Roboto, sans-serif; font-size: 15px; font-style: normal; font-weight: 400;\" href=\"http:\/\/www.listchallenges.com\/\">ListChallenges<\/a><br \/><a style=\"font-family: Roboto, sans-serif; font-size: 15px; font-style: normal; font-weight: 400;\" href=\"http:\/\/matadornetwork.com\/\">Matadornetwork<\/a><br \/><a style=\"font-family: Roboto, sans-serif; font-size: 15px; font-style: normal; font-weight: 400;\" href=\"http:\/\/www.boredpanda.com\/\">Boredpanda<\/a><a style=\"font-family: Roboto, sans-serif; font-size: 15px; font-style: normal; font-weight: 400;\" href=\"http:\/\/pulptastic.com\/\"><br \/><\/a><a style=\"font-family: Roboto, sans-serif; font-size: 15px; font-style: normal; font-weight: 400;\" href=\"http:\/\/brightside.me\/\">Brightside<\/a><a style=\"font-family: Roboto, sans-serif; font-size: 15px; font-style: normal; font-weight: 400;\" href=\"http:\/\/viralscape.com\/\"><br \/><\/a><a style=\"font-family: Roboto, sans-serif; font-size: 15px; font-style: normal; font-weight: 400;\" href=\"http:\/\/listverse.com\/\">Listverse<\/a><br \/><br \/><a href=\"https:\/\/www.tasteatlas.com\/\">Taste Atlas<\/a><br \/><a href=\"https:\/\/brilliantmaps.com\/\">Brilliant Maps\u00a0<\/a><br \/><a href=\"https:\/\/hasanjasim.online\/\">Hasan Jasim online<\/a><br \/><a href=\"https:\/\/www.geoguessr.com\/\">GeoGuessr<\/a><br \/><a href=\"https:\/\/whc.unesco.org\/en\/list\/\">Unesco<\/a><br \/><a href=\"https:\/\/luontoportti.com\/\">Luontoportti<\/a><br \/><a href=\"https:\/\/themindcircle.com\/\">The mind circle<\/a><a style=\"font-family: Roboto, sans-serif; font-size: 15px; font-style: normal; font-weight: 400;\" href=\"http:\/\/www.grindtv.com\/\"><br \/><\/a><a style=\"font-family: Roboto, sans-serif; font-size: 15px; font-style: normal; font-weight: 400;\" href=\"http:\/\/www.therichest.com\/\">The Richest<br \/><\/a><a style=\"font-family: Roboto, sans-serif; font-size: 15px; font-style: normal; font-weight: 400;\" href=\"http:\/\/www.thevintagenews.com\/\">The Vintagenews<br \/><\/a><a style=\"font-family: Roboto, sans-serif; font-size: 15px; font-style: normal; font-weight: 400;\" href=\"http:\/\/theculturetrip.com\/\">CultureTrip<br \/><\/a><a style=\"font-family: Roboto, sans-serif; font-size: 15px; font-style: normal; font-weight: 400;\" href=\"http:\/\/hyperallergic.com\/\">Hyperallergic<\/a><br \/><a style=\"font-family: Roboto, sans-serif; font-size: 15px; font-style: normal; font-weight: 400;\" href=\"http:\/\/www.eoearth.org\/\">EoE<\/a><span style=\"font-family: Roboto, sans-serif; font-size: 15px; font-style: normal; font-weight: 400;\">\u00a0<\/span><a style=\"font-family: Roboto, sans-serif; font-size: 15px; font-style: normal; font-weight: 400;\" href=\"http:\/\/www.arkive.org\/\">Ark<\/a><span style=\"font-family: Roboto, sans-serif; font-size: 15px; font-style: normal; font-weight: 400;\">\u00a0<\/span><a style=\"font-family: Roboto, sans-serif; font-size: 15px; font-style: normal; font-weight: 400;\" href=\"http:\/\/eol.org\/\">EOL<\/a><br \/><a style=\"font-family: Roboto, sans-serif; font-size: 15px; font-style: normal; font-weight: 400;\" href=\"http:\/\/www.worldwildlife.org\/\">WWF<\/a><span style=\"font-family: Roboto, sans-serif; font-size: 15px; font-style: normal; font-weight: 400;\">\u00a0<\/span><a style=\"font-family: Roboto, sans-serif; font-size: 15px; font-style: normal; font-weight: 400;\" href=\"http:\/\/wwf.fi\/\">WWF fi<\/a><br \/><a style=\"font-family: Roboto, sans-serif; font-size: 15px; font-style: normal; font-weight: 400;\" href=\"https:\/\/www.thedodo.com\/\">TheDodo<\/a><br \/><a style=\"font-family: Roboto, sans-serif; font-size: 15px; font-style: normal; font-weight: 400;\" href=\"http:\/\/www.livescience.com\/\">Live Science<\/a><br \/><a style=\"font-family: Roboto, sans-serif; font-size: 15px; font-style: normal; font-weight: 400;\" href=\"http:\/\/www.earthtouchnews.com\/\">EarthTouch<\/a><br \/><a style=\"font-family: Roboto, sans-serif; font-size: 15px; font-style: normal; font-weight: 400;\" href=\"http:\/\/earthenginepartners.appspot.com\/science-2013-global-forest\">GFC<\/a><span style=\"font-family: Roboto, sans-serif; font-size: 15px; font-style: normal; font-weight: 400;\">\u00a0<\/span><a style=\"font-family: Roboto, sans-serif; font-size: 15px; font-style: normal; font-weight: 400;\" href=\"https:\/\/www.ncbi.nlm.nih.gov\/pmc\/funder\/nasa\/\">NASA<\/a><br \/><a href=\"https:\/\/plus.nasa.gov\/?fbclid=IwAR2NpHSKo57F1b1D_wlp4lkXiUL4VZmSf9ZtDmhfKcrnACdBucCHCAOokAE\">Nasa<\/a><br \/><a style=\"font-family: Roboto, sans-serif; font-size: 15px; font-style: normal; font-weight: 400;\" href=\"http:\/\/www.universetoday.com\/\">Universe today<br \/><\/a><a style=\"font-family: Roboto, sans-serif; font-size: 15px; font-style: normal; font-weight: 400;\" href=\"http:\/\/www.theepochtimes.com\/\">Epoch Times<\/a><br \/><a style=\"font-family: Roboto, sans-serif; font-size: 15px; font-style: normal; font-weight: 400;\" href=\"http:\/\/historianet.fi\/\">Historianet.fi<\/a><br \/><a style=\"font-family: Roboto, sans-serif; font-size: 15px; font-style: normal; font-weight: 400;\" href=\"http:\/\/tieku.fi\/\">Tieku.fi<\/a><span style=\"font-family: Roboto, sans-serif; font-size: 15px; font-style: normal; font-weight: 400;\">\u00a0<\/span><a style=\"font-family: Roboto, sans-serif; font-size: 15px; font-style: normal; font-weight: 400;\" href=\"http:\/\/www.planetacurioso.com\/2016\/06\/20\/acertijo-quien-es-el-dueno-del-pez\/\">PC<\/a><br \/><a style=\"font-family: Roboto, sans-serif; font-size: 15px; font-style: normal; font-weight: 400;\" href=\"http:\/\/www.tiedetuubi.fi\/\">Tiedetuubi<br \/><\/a><a style=\"font-family: Roboto, sans-serif; font-size: 15px; font-style: normal; font-weight: 400;\" href=\"http:\/\/www.tiede.fi\/\">Tiede<br \/><\/a><a style=\"font-family: Roboto, sans-serif; font-size: 15px; font-style: normal; font-weight: 400;\" href=\"http:\/\/www.nextbigfuture.com\/\">NextBIGfuture<\/a><br \/><a style=\"font-family: Roboto, sans-serif; font-size: 15px; font-style: normal; font-weight: 400;\" href=\"http:\/\/www.popularmechanics.com\/\">Popular Mechanics<\/a><br \/><a style=\"font-family: Roboto, sans-serif; font-size: 15px; font-style: normal; font-weight: 400;\" href=\"http:\/\/www.airspacemag.com\/?no-ist\">Air&amp;Space<\/a><br \/><a style=\"font-family: Roboto, sans-serif; font-size: 15px; font-style: normal; font-weight: 400;\" href=\"http:\/\/www.boldmethod.com\/\">Boldmethod<\/a><br \/><a style=\"font-family: Roboto, sans-serif; font-size: 15px; font-style: normal; font-weight: 400;\" href=\"http:\/\/worldwarwings.com\/\">WorldWings<\/a><br \/><a style=\"font-family: Roboto, sans-serif; font-size: 15px; font-style: normal; font-weight: 400;\" href=\"http:\/\/foxtrotalpha.jalopnik.com\/\">Foxtrotalpha<\/a><br \/><a style=\"font-family: Roboto, sans-serif; font-size: 15px; font-style: normal; font-weight: 400;\" href=\"http:\/\/wwiivideoarchives.altervista.org\/portale\/?q=video_air_war\">Video Air<\/a><\/p>\t\t\t\t\t<\/div>\n\t\t\t\t\t\t<\/div>\n\t\t\t\t<\/div>\n\t\t\t\t\t\t<\/div>\n\t\t\t\t\t<\/div>\n\t\t<\/div>\n\t\t\t\t\t\t\t\t<\/div>\n\t\t\t\t\t<\/div>\n\t\t<\/section>\n\t\t\t\t\t\t<\/div>\n\t\t\t\t\t<\/div>\n\t\t<\/div>\n\t\t\t\t\t\t\t\t<\/div>\n\t\t\t\t\t<\/div>\n\t\t<\/section>\n\t\t\t\t\t\t<\/div>\n\t\t\t\t\t\t<\/div>\n\t\t\t\t\t<\/div>\n\t\t","protected":false},"excerpt":{"rendered":"<p>Yahoo!Telsu Areena\u00a0Netflix MAX Katsomo\u00a0Ruutu SVT BBC NG RakutenKadazaMS365 OD \u00a0GD DBYle AL SK HS MM VU Tamp.BBC SVTK L\u00a0SS\u00e4\u00e4R\u00a0S\u00e4\u00e4T S\u00e4\u00e4H S\u00e4\u00e4JIlmailus\u00e4\u00e4Fonecta\u00a0RepaNella\u00a0NysseHostingerSivusto\u00a0 ypMusiikkia WW SekalaistaWP\u00a0SL RL\u00a0TANSHeikin keitti\u00f6ss\u00e4\u00a0\u00a0ypIso G\u00a0px NordUltimate GuitarMy ChordsJazz StudiesKulttuuritoimitus Kastikkeet Osta vastuullisestiPielisen kalaJ\u00e4rkis\u00e4rkiSilli\u00e4Saimaan tuoreSaa Sy\u00f6d\u00e4Naapurin maalaiskanaFamiliaAirfryerDelishTasteatlas Danske \u00c5lands Norwegian Nordea Pirha Kanta KevaSuomi.fi \u00a0Omavero OmaPosti L\u00e4hiTapiola DNA\u00a0 Oma Fortum KivraKotikatu Huoneistotieto Sampola\u00a0AhjolaTampere\u00a0SopimusvuoriPirkan Opisto <a class=\"read-more\" href=\"https:\/\/heikkilaakso.com\/\">Read More<\/a><\/p>\n","protected":false},"author":1,"featured_media":0,"parent":0,"menu_order":0,"comment_status":"closed","ping_status":"closed","template":"","meta":[],"_links":{"self":[{"href":"https:\/\/heikkilaakso.com\/index.php\/wp-json\/wp\/v2\/pages\/1007"}],"collection":[{"href":"https:\/\/heikkilaakso.com\/index.php\/wp-json\/wp\/v2\/pages"}],"about":[{"href":"https:\/\/heikkilaakso.com\/index.php\/wp-json\/wp\/v2\/types\/page"}],"author":[{"embeddable":true,"href":"https:\/\/heikkilaakso.com\/index.php\/wp-json\/wp\/v2\/users\/1"}],"replies":[{"embeddable":true,"href":"https:\/\/heikkilaakso.com\/index.php\/wp-json\/wp\/v2\/comments?post=1007"}],"version-history":[{"count":541,"href":"https:\/\/heikkilaakso.com\/index.php\/wp-json\/wp\/v2\/pages\/1007\/revisions"}],"predecessor-version":[{"id":2754,"href":"https:\/\/heikkilaakso.com\/index.php\/wp-json\/wp\/v2\/pages\/1007\/revisions\/2754"}],"wp:attachment":[{"href":"https:\/\/heikkilaakso.com\/index.php\/wp-json\/wp\/v2\/media?parent=1007"}],"curies":[{"name":"wp","href":"https:\/\/api.w.org\/{rel}","templated":true}]}}