{"id":1281,"date":"2022-03-04T01:24:58","date_gmt":"2022-03-03T23:24:58","guid":{"rendered":"https:\/\/heikkilaakso.com\/?page_id=1281"},"modified":"2025-10-02T18:43:58","modified_gmt":"2025-10-02T15:43:58","slug":"saaristolaivuri","status":"publish","type":"page","link":"https:\/\/heikkilaakso.com\/index.php\/saaristolaivuri\/","title":{"rendered":"Saaristolaivuri"},"content":{"rendered":"\t\t<div data-elementor-type=\"wp-page\" data-elementor-id=\"1281\" class=\"elementor elementor-1281\" data-elementor-settings=\"[]\">\n\t\t\t\t\t\t<div class=\"elementor-inner\">\n\t\t\t\t\t\t\t<div class=\"elementor-section-wrap\">\n\t\t\t\t\t\t\t<section class=\"elementor-section elementor-top-section elementor-element elementor-element-e1abe7c elementor-section-boxed elementor-section-height-default elementor-section-height-default\" data-id=\"e1abe7c\" data-element_type=\"section\">\n\t\t\t\t\t\t<div class=\"elementor-container elementor-column-gap-default\">\n\t\t\t\t\t\t\t<div class=\"elementor-row\">\n\t\t\t\t\t<div class=\"elementor-column elementor-col-100 elementor-top-column elementor-element elementor-element-bdec145\" data-id=\"bdec145\" data-element_type=\"column\">\n\t\t\t<div class=\"elementor-column-wrap elementor-element-populated\">\n\t\t\t\t\t\t\t<div class=\"elementor-widget-wrap\">\n\t\t\t\t\t\t<section class=\"elementor-section elementor-inner-section elementor-element elementor-element-bbde794 elementor-section-boxed elementor-section-height-default elementor-section-height-default\" data-id=\"bbde794\" data-element_type=\"section\">\n\t\t\t\t\t\t<div class=\"elementor-container elementor-column-gap-default\">\n\t\t\t\t\t\t\t<div class=\"elementor-row\">\n\t\t\t\t\t<div class=\"elementor-column elementor-col-50 elementor-inner-column elementor-element elementor-element-1368527\" data-id=\"1368527\" data-element_type=\"column\">\n\t\t\t<div class=\"elementor-column-wrap elementor-element-populated\">\n\t\t\t\t\t\t\t<div class=\"elementor-widget-wrap\">\n\t\t\t\t\t\t<div class=\"elementor-element elementor-element-3b4c3b9 elementor-widget elementor-widget-text-editor\" data-id=\"3b4c3b9\" data-element_type=\"widget\" data-widget_type=\"text-editor.default\">\n\t\t\t\t<div class=\"elementor-widget-container\">\n\t\t\t\t\t\t\t\t<div class=\"elementor-text-editor elementor-clearfix\">\n\t\t\t\t\t<p><span style=\"font-size: 15px; color: var( --e-global-color-text );\">Saaristomerenkulun kurssi antaa perustiedot ja -taidot turvalliseen liikkumiseen sis\u00e4vesill\u00e4 ja saaristossa.<\/span><\/p><p>24 oppituntia kest\u00e4v\u00e4\u00e4n kurssiohjelmaan sis\u00e4ltyy:<\/p><ul><li>Maapallon asteverkko ja merikartta<\/li><li>Matka, suunta ja nopeus<\/li><li>Suuntima<\/li><li>Kompassioppi<\/li><li>Paikanm\u00e4\u00e4ritys<\/li><li>Merenkulun turvalaitteet<\/li><li>S\u00e4\u00e4oppia<\/li><li>Reittisuunnittelu ja navigointi<\/li><li>Elektroniset navigointilaitteet<\/li><li>Turvallisuus ja ymp\u00e4rist\u00f6<\/li><li>Vesiliikenteen s\u00e4\u00e4d\u00f6ksi\u00e4<\/li><\/ul><h2 class=\"art-postheader\">Merikartta<\/h2><div class=\"art-postcontent art-postcontent-0 clearfix\"><div class=\"art-content-layout\"><div class=\"art-content-layout-row\"><div class=\"art-layout-cell\"><a href=\"http:\/\/www.sailingissues.com\/navcourse1.html\">Maapallon asteverkko<\/a><br \/><a href=\"https:\/\/fi.wikipedia.org\/wiki\/Mercatorin_projektio\">Mercatorin projektio<\/a><br \/><a href=\"https:\/\/www.karttakauppa.fi\/fi\/tuotteet\/tuoteryhma\/2011\/vesille\">Kartat<\/a><\/div><div>\u00a0<\/div><div><h2 class=\"art-postheader\">Matka, aika, nopeus<\/h2><div class=\"art-postcontent art-postcontent-0 clearfix\"><p>Matka (M) = Aika (h) * Nopeus (kt)<\/p><p>Aika (h) = Matka (M) \/ Nopeus (kt)<\/p><p>Nopeus (kt) = Matka (M) \/ Aika (h)<\/p><h2><a href=\"https:\/\/www.finlex.fi\/fi\/laki\/alkup\/2019\/20190782\">Vesiliikennelaki<\/a><\/h2><p><!-- <a href=\"https:\/\/heikkilaakso.com\/wp-content\/uploads\/2021\/04\/Tentti160421_20210427_0001.pdf\">Vanha tentti<\/a><\/p>\n<h4>Vanhan tentin vastaukset<\/h4>\n<p>1a 63\u00b056,3\u00b4N, 25\u00b056,1\u00b4E<br \/>1b It\u00e4viitta<\/p>\n<p>2a 74\u00b0, 14:56<br \/>2b Tuulen aiheuttama sorto, ep\u00e4tarkka eksym\u00e4taulukko, ajosuunnan vaihtelu aallokon takia jne.<\/p>\n<p>3 TS=311\u00b0, MS=301\u00b0, eks=-6\u00b0<\/p>\n<p>4a ts=255\u00b0, 63\u00b057,5\u00b4N, 25\u00b055,3\u00b4E.<br \/>4b punainen, 3 vilkkua ja tauko. Kymmenen sekunnin jakso.<\/p>\n<\/div>\n<\/div>\n<\/div>\n<div class=\"art-content-layout-row\">\n<div>\n<div class=\"art-postcontent art-postcontent-0 clearfix\">\n<p>5a toinen v\u00e4ist\u00e4\u00e4<br \/>5b purjehtija v\u00e4ist\u00e4\u00e4<br \/>5c sin\u00e4 v\u00e4ist\u00e4t<br \/>5d purjevene on sill\u00e4 hetkell\u00e4 konealus (kolmio)<\/p>\n<p>6 Laske kompassisuunnat ja pyri l\u00e4himm\u00e4lle v\u00e4yl\u00e4lle. Laske kompassisuunnat ja siirry seuraavalle v\u00e4yl\u00e4lle kareja v\u00e4ltellen.<\/p>\n<p>7a Vasen eli punainen lateraalimerkki. Nimelliskulkusuuntaan ajaessa ohitetaan oikealta.<br \/>7b Musta, keltainen, musta<br \/>7c sininen, sininen<\/p>\n<p>8a Nopeusrajoitus 9 km\/h \u2248 5 kt<br \/>8b Alle 50 m konealus menossa oikealta vasemmalle (olen v\u00e4ist\u00e4misvelvollinen)<\/p>\n<p>9a H\u00e4t\u00e4raketti, k\u00e4sien nosto sivulta yl\u00f6s ja alas, 112, SOS vaikkapa pillill\u00e4, mayday mayday VHF-kanavalla 16, DSC kanavalla 70 jne.<br \/>9b Kaikilla matkustajilla sopivat pelastusliivit, sammutin, tyhjennysv\u00e4line, veneest\u00e4 riippuen mela, airot tai ankkuri.<\/p>\n<p>10a Oikein<br \/>10b V\u00e4\u00e4rin<br \/>10c V\u00e4\u00e4rin<br \/>10d V\u00e4\u00e4rin --><\/p><\/div><\/div><\/div><\/div><\/div>\t\t\t\t\t<\/div>\n\t\t\t\t\t\t<\/div>\n\t\t\t\t<\/div>\n\t\t\t\t\t\t<\/div>\n\t\t\t\t\t<\/div>\n\t\t<\/div>\n\t\t\t\t<div class=\"elementor-column elementor-col-50 elementor-inner-column elementor-element elementor-element-e4188c9\" data-id=\"e4188c9\" data-element_type=\"column\">\n\t\t\t<div class=\"elementor-column-wrap elementor-element-populated\">\n\t\t\t\t\t\t\t<div class=\"elementor-widget-wrap\">\n\t\t\t\t\t\t<div class=\"elementor-element elementor-element-07ef1bb elementor-widget elementor-widget-text-editor\" data-id=\"07ef1bb\" data-element_type=\"widget\" data-widget_type=\"text-editor.default\">\n\t\t\t\t<div class=\"elementor-widget-container\">\n\t\t\t\t\t\t\t\t<div class=\"elementor-text-editor elementor-clearfix\">\n\t\t\t\t\t<h2>Linkit<\/h2><p><a href=\"http:\/\/www.tampereennavigaatioseura.fi\/\">Tampereen Navigaatioseura<\/a><br \/><a href=\"https:\/\/www.navigoinninopettajat.fi\/\">Navigoinninopettajat<\/a><br \/><a href=\"https:\/\/nauticalcharts.noaa.gov\/publications\/docs\/us-chart-1\/ChartNo1.pdf\">U.S. Chart No. 1<br \/><\/a><a href=\"https:\/\/www.traficom.fi\/fi\/asioi-kanssamme\/merenkulun-loistot\">Loistoluettelo<br \/><\/a><a href=\"http:\/\/www.sailingissues.com\/navcourse0.html\">N<strong>avigation course<\/strong><br \/><\/a><a href=\"http:\/\/www.sailmate.fi\/\">Sailmate<\/a><br \/><a href=\"https:\/\/getorca.com\/\">Orca<\/a><br \/><a href=\"https:\/\/asiointi.maanmittauslaitos.fi\/karttapaikka\/\">Karttapaikka<\/a><br \/><a href=\"https:\/\/www.skippo.io\/fi\/koti\/\">Skippo<\/a><br \/><a href=\"https:\/\/www.skippo.se\/plan\">Skippo Se<\/a><a href=\"https:\/\/pasjon.eniro.se\/\"><br \/><\/a><a href=\"http:\/\/www.nps.fi\/wp\/wp-content\/uploads\/2014\/08\/K%c3%a4yt%c3%a4nn%c3%b6n-veneilija_perus_2015-S%c3%a4%c3%a4nn%c3%b6t-26-03-2015.pdf\">K\u00e4yt\u00e4nn\u00f6n veneilij\u00e4<\/a><br \/><a href=\"http:\/\/www.suomiveneilee.fi\/veneilyn-aapinen\/veneilijalle\">Veneilyn aapinen<\/a><br \/><a href=\"https:\/\/www.google.com\/search?q=raja.fi+veneily&amp;oq=raja.fi+veneily&amp;aqs=chrome..69i57j0i333l2j69i60.10791j0j7&amp;sourceid=chrome&amp;ie=UTF-8\">Raja<\/a><br \/><a href=\"http:\/\/www.marinetraffic.com\/\">Laivaliikenne<br \/><\/a><a href=\"https:\/\/www.theseus.fi\/bitstream\/handle\/10024\/135486\/Karppanen_Sami.pdf?sequence=1&amp;isAllowed=y\">Terrestrisen navigoinnin opas<\/a><br \/><a href=\"https:\/\/vayla.fi\/kunnossapito\/vesivaylien-kunnossapito\">V\u00e4ylien kunnossapito<\/a><br \/><a href=\"https:\/\/heikkilaakso.com\/opetus\/excel\/merkintalasku.xlsx\">Merkint\u00e4lasku<\/a><\/p><p><a href=\"https:\/\/www.ilmatieteenlaitos.fi\/merisaa-ja-itameri\">Meris\u00e4\u00e4<\/a><br \/><a href=\"https:\/\/www.ilmailusaa.fi\/#flash_checkbox=checked#top=498.6666564941406#id=radar#map=southern-finland#level=null\">Ilmailus\u00e4\u00e4<\/a><br \/><a href=\"https:\/\/sataako.fi\/\">Sataako kohta?<\/a><br \/><a href=\"https:\/\/www.windguru.cz\/55360\">Windguru<\/a><br \/><a href=\"https:\/\/www.windy.com\/?61.911,24.086,14\">Windy<\/a><\/p><h2>Kompassioppi<\/h2><div><div><div><div><p>Peruskaava, eksym\u00e4n ja erannon etumerkki pit\u00e4\u00e4 merkit\u00e4 n\u00e4kyviin.<\/p><table width=\"261\"><tbody><tr><td width=\"50\">KS<\/td><td width=\"11\">\u00a0<\/td><td width=\"35\">eks<\/td><td width=\"9\">\u00a0<\/td><td width=\"46\">MS<\/td><td width=\"9\">\u00a0<\/td><td width=\"33\">er<\/td><td width=\"13\">\u00a0<\/td><td width=\"40\">TS<\/td><td width=\"15\">\u00a0<\/td><\/tr><tr><td>\u00a0<\/td><td>\u00b0<\/td><td>\u00a0<\/td><td>\u00b0<\/td><td>\u00a0<\/td><td>\u00b0<\/td><td>\u00a0<\/td><td>\u00b0<\/td><td>\u00a0<\/td><td>\u00b0<\/td><\/tr><\/tbody><\/table><p><img loading=\"lazy\" src=\"https:\/\/heikkilaakso.com\/saaristo\/images\/tmpC0BB.png\" alt=\"\" width=\"212\" height=\"101\" \/><\/p><p>K\u00e4sisuuntimakompassilla oletetaan, ett\u00e4 eksym\u00e4 on 0, joten ks = ms.<\/p><table width=\"156\"><tbody><tr><td width=\"46\">ks=ms<\/td><td width=\"9\">\u00a0<\/td><td width=\"33\">er<\/td><td width=\"13\">\u00a0<\/td><td width=\"40\">ts<\/td><td width=\"15\">\u00a0<\/td><\/tr><tr><td>\u00a0<\/td><td>\u00b0<\/td><td>\u00a0<\/td><td>\u00b0<\/td><td>\u00a0<\/td><td>\u00b0<\/td><\/tr><\/tbody><\/table><p><img loading=\"lazy\" src=\"https:\/\/heikkilaakso.com\/saaristo\/images\/tmp2D63.png\" alt=\"\" width=\"212\" height=\"81\" \/><\/p><\/div><p><a href=\"https:\/\/heikkilaakso.com\/saaristo\/heikki-laakso.html\">Heikki Laakso<\/a><\/p><\/div><\/div><\/div>\t\t\t\t\t<\/div>\n\t\t\t\t\t\t<\/div>\n\t\t\t\t<\/div>\n\t\t\t\t\t\t<\/div>\n\t\t\t\t\t<\/div>\n\t\t<\/div>\n\t\t\t\t\t\t\t\t<\/div>\n\t\t\t\t\t<\/div>\n\t\t<\/section>\n\t\t\t\t<div class=\"elementor-element elementor-element-07419ab elementor-widget elementor-widget-text-editor\" data-id=\"07419ab\" data-element_type=\"widget\" data-widget_type=\"text-editor.default\">\n\t\t\t\t<div class=\"elementor-widget-container\">\n\t\t\t\t\t\t\t\t<div class=\"elementor-text-editor elementor-clearfix\">\n\t\t\t\t\t\t\t\t\t\t<\/div>\n\t\t\t\t\t\t<\/div>\n\t\t\t\t<\/div>\n\t\t\t\t\t\t<\/div>\n\t\t\t\t\t<\/div>\n\t\t<\/div>\n\t\t\t\t\t\t\t\t<\/div>\n\t\t\t\t\t<\/div>\n\t\t<\/section>\n\t\t\t\t\t\t<\/div>\n\t\t\t\t\t\t<\/div>\n\t\t\t\t\t<\/div>\n\t\t","protected":false},"excerpt":{"rendered":"<p>Saaristomerenkulun kurssi antaa perustiedot ja -taidot turvalliseen liikkumiseen sis\u00e4vesill\u00e4 ja saaristossa. 24 oppituntia kest\u00e4v\u00e4\u00e4n kurssiohjelmaan sis\u00e4ltyy: Maapallon asteverkko ja merikartta Matka, suunta ja nopeus Suuntima Kompassioppi Paikanm\u00e4\u00e4ritys Merenkulun turvalaitteet S\u00e4\u00e4oppia Reittisuunnittelu ja navigointi Elektroniset navigointilaitteet Turvallisuus ja ymp\u00e4rist\u00f6 Vesiliikenteen s\u00e4\u00e4d\u00f6ksi\u00e4 Merikartta Maapallon asteverkkoMercatorin projektioKartat\u00a0 Matka, aika, nopeus Matka (M) = Aika (h) * Nopeus (kt) <a class=\"read-more\" href=\"https:\/\/heikkilaakso.com\/index.php\/saaristolaivuri\/\">Read More<\/a><\/p>\n","protected":false},"author":1,"featured_media":0,"parent":0,"menu_order":0,"comment_status":"closed","ping_status":"closed","template":"","meta":[],"_links":{"self":[{"href":"https:\/\/heikkilaakso.com\/index.php\/wp-json\/wp\/v2\/pages\/1281"}],"collection":[{"href":"https:\/\/heikkilaakso.com\/index.php\/wp-json\/wp\/v2\/pages"}],"about":[{"href":"https:\/\/heikkilaakso.com\/index.php\/wp-json\/wp\/v2\/types\/page"}],"author":[{"embeddable":true,"href":"https:\/\/heikkilaakso.com\/index.php\/wp-json\/wp\/v2\/users\/1"}],"replies":[{"embeddable":true,"href":"https:\/\/heikkilaakso.com\/index.php\/wp-json\/wp\/v2\/comments?post=1281"}],"version-history":[{"count":276,"href":"https:\/\/heikkilaakso.com\/index.php\/wp-json\/wp\/v2\/pages\/1281\/revisions"}],"predecessor-version":[{"id":2745,"href":"https:\/\/heikkilaakso.com\/index.php\/wp-json\/wp\/v2\/pages\/1281\/revisions\/2745"}],"wp:attachment":[{"href":"https:\/\/heikkilaakso.com\/index.php\/wp-json\/wp\/v2\/media?parent=1281"}],"curies":[{"name":"wp","href":"https:\/\/api.w.org\/{rel}","templated":true}]}}