{"id":1374,"date":"2022-03-05T22:47:05","date_gmt":"2022-03-05T20:47:05","guid":{"rendered":"https:\/\/heikkilaakso.com\/?page_id=1374"},"modified":"2022-03-06T00:13:42","modified_gmt":"2022-03-05T22:13:42","slug":"word","status":"publish","type":"page","link":"https:\/\/heikkilaakso.com\/index.php\/word\/","title":{"rendered":"Word"},"content":{"rendered":"\n<h1><a>Alkuasetukset kuntoon ennen ty\u00f6skentely\u00e4<\/a><\/h1>\n\n\n\n<h2><a>K\u00e4ytt\u00f6liittym\u00e4<\/a><\/h2>\n\n\n\n<p>Asiakirjan koko:&nbsp;<strong>N\u00e4yt\u00e4, Zoomaus<\/strong>. N\u00e4ytt\u00f6tilat valitaan alhaalla oikealla.<\/p>\n\n\n\n<figure class=\"wp-block-image\"><img src=\"https:\/\/heikkilaakso.com\/office\/images\/tmp523B.png\" alt=\"\"\/><\/figure>\n\n\n\n<p>N\u00e4kym\u00e4tt\u00f6m\u00e4t merkit:&nbsp;<strong>Ctrl+vaihto+8<\/strong>&nbsp;tai&nbsp;<strong>Aloitus, Kappale,<\/strong>&nbsp;<strong>\u00b6<\/strong><strong>-painike<\/strong>.<\/p>\n\n\n\n<figure class=\"wp-block-image\"><img src=\"https:\/\/heikkilaakso.com\/office\/images\/tmp89CF.png\" alt=\"\"\/><\/figure>\n\n\n\n<h2><a>Asetukset<\/a><\/h2>\n\n\n\n<p><strong>Tiedosto, Asetukset<\/strong>. Tarkista ainakin Tallentaminen.<\/p>\n\n\n\n<figure class=\"wp-block-image\"><img src=\"https:\/\/heikkilaakso.com\/office\/images\/tmp931-2.png\" alt=\"\"\/><\/figure>\n\n\n\n<h1><a>Tekstink\u00e4sittelyn alkutoimet<\/a><\/h1>\n\n\n\n<h2><a>Reunukset ja paperin koko<\/a><\/h2>\n\n\n\n<p><strong>Sivun asettelu, Sivun asetukset<\/strong><strong>, Oikea alakulma<\/strong>.<\/p>\n\n\n\n<p>Sivun asetukset voi muuttaa pysyv\u00e4sti painamalla muutosten j\u00e4lkeen&nbsp;<strong>Aseta<\/strong>&nbsp;o<strong>letukseksi<\/strong>-painiketta.<\/p>\n\n\n\n<figure class=\"wp-block-image\"><img src=\"https:\/\/heikkilaakso.com\/office\/images\/tmp4105.png\" alt=\"\"\/><\/figure>\n\n\n\n<h2><a>Fontin ja fonttikoon valinta<\/a><\/h2>\n\n\n\n<p><strong>Aloitus, Fontti, Oikea alakulma<\/strong>.<\/p>\n\n\n\n<p>Fontin voi muuttaa pysyv\u00e4sti painamalla muutosten j\u00e4lkeen&nbsp;<strong>Aseta<\/strong>&nbsp;o<strong>letukseksi<\/strong>-painiketta.<\/p>\n\n\n\n<figure class=\"wp-block-image\"><img src=\"https:\/\/heikkilaakso.com\/office\/images\/tmpFE3B.png\" alt=\"\"\/><\/figure>\n\n\n\n<h1>Kirjoittamisen s\u00e4\u00e4nn\u00f6t ja kappalemuotoilu<\/h1>\n\n\n\n<h2><a>Kirjoittamisen s\u00e4\u00e4nn\u00f6t<\/a><\/h2>\n\n\n\n<figure class=\"wp-block-table\"><table><tbody><tr><td>\u00b7\u00a0\u00a0Tekstink\u00e4sittelyn perusyksik\u00f6t ovat sana ja kappale.\u00b7 \u00a0Ei v\u00e4lily\u00f6ntej\u00e4 rivin alkuun, tarvittaessa ensimm\u00e4isen rivin sisennys.\u00b7\u00a0\u00a0Sanan ja v\u00e4limerkin j\u00e4lkeen yksi\u00a0<strong>v\u00e4lily\u00f6nti<\/strong>.\u00b7\u00a0\u00a0Otsikon ja kappaleiden j\u00e4lkeen yksi\u00a0<strong>Enter<\/strong>\u00a0kappalevaihdon merkiksi.\u00b7 \u00a0Korjaa ly\u00f6ntivirheet\u00a0<strong>askelpalautin \u00a0<\/strong>tai\u00a0<strong>Delete<\/strong>-n\u00e4pp\u00e4imell\u00e4.\u00b7\u00a0\u00a0Tehosteena saa k\u00e4ytt\u00e4\u00e4\u00a0<em>kursiivia<\/em>\u00a0tai\u00a0<strong>lihavointia.<\/strong>\u00b7\u00a0\u00a0<br>Vaihda rivi\u00e4 tekem\u00e4tt\u00e4 kappalevaihtoa painamalla\u00a0<strong>Vaihto-Enter<\/strong>\u00b7\u00a0\u00a0<br>Pakotettu sivunvaihto saadaan painamalla\u00a0<strong>Ctrl-Enter<\/strong><\/td><td><strong>T\u00e4rkeimm\u00e4t pikan\u00e4pp\u00e4imet:<br><\/strong>Ctrl-s: Tallennus<br>Ctrl-z: Kumoa<br><strong>T\u00e4rkeimm\u00e4t siirtymisn\u00e4pp\u00e4imet:<br><\/strong>Home, End, Ctrl-Home, Ctrl-End<br>Nuolet, Ctrl-Nuolet<br>PgUp, PgDn, Ctrl-PgUp, Ctrl-PgDn<br><strong>T\u00e4rkeimm\u00e4t valintan\u00e4pp\u00e4imet:<br><\/strong>Vaihto-Siirtymisn\u00e4pp\u00e4imet<br>Ctrl-a: valitse kaikki<\/td><\/tr><\/tbody><\/table><\/figure>\n\n\n\n<h1><a>Otsikko 1\u2013tyylin pikan\u00e4pp\u00e4in on Alt-1<\/a><\/h1>\n\n\n\n<h2><a>Otsikko 2\u2013tyylin pikan\u00e4pp\u00e4in on Alt-2<\/a><\/h2>\n\n\n\n<p>Normaalitekstin pikan\u00e4pp\u00e4in\u00a0<strong>Ctrl-vaihto-n<\/strong>. Teksti\u00e4 voi korostaa erilaisilla tehosteilla. Kirjoittaessasi saat lihavoinnin p\u00e4\u00e4lle painamalla\u00a0<strong>Ctrl-b<\/strong>\u00a0ja p\u00e4\u00e4lt\u00e4 pois painamalla\u00a0<strong>Ctrl-b<\/strong>\u00a0uudestaan. Kursivoinnille pikan\u00e4pp\u00e4in on\u00a0<em>Ctrl-i.<\/em><\/p>\n\n\n\n<h2><a>Kappalemuotoilu<\/a><\/h2>\n\n\n\n<p>Kappalemuotoilu koskee aina sit\u00e4 kappaletta, jonka alueella kohdistin on. Kappaletta ei tarvitse merkit\u00e4.<\/p>\n\n\n\n<p style=\"margin-left: 65.2pt;\">T\u00e4m\u00e4n kappaleen vasen sisennys on 2,3 cm. Sisennyksen pikan\u00e4pp\u00e4in on&nbsp;<strong>Ctrl-m<\/strong>. Jos haluat sisent\u00e4\u00e4 kappaletta enemm\u00e4n, paina&nbsp;<strong>Ctrl-m<\/strong>&nbsp;uudestaan. Sisennyksen saa pois painelemalla&nbsp;<strong>Ctrl-vaihto-m.<\/strong><\/p>\n\n\n\n<p class=\"has-text-align-right\">T\u00e4m\u00e4 kappale on tasattu oikeaan reunaan. Pikan\u00e4pp\u00e4in\u00a0<strong>Ctrl-r.<\/strong><\/p>\n\n\n\n<p class=\"has-text-align-center\">T\u00e4m\u00e4 kappale on keskitetty.&nbsp;Pikan\u00e4pp\u00e4in&nbsp;<strong>Ctrl-e<\/strong>.<\/p>\n\n\n\n<p>Tavallisen vasemman tasauksen pikan\u00e4pp\u00e4in on&nbsp;<strong>Ctrl-l<\/strong>.<\/p>\n\n\n\n<p>Pikan\u00e4pp\u00e4imet eri riviv\u00e4leille ovat 1:&nbsp;<strong>Ctrl-1<\/strong>, 1,5:&nbsp;<strong>Ctrl-5<\/strong>&nbsp;ja 2:&nbsp;<strong>Ctrl-2<\/strong>.<\/p>\n\n\n\n<h1><a>Tyylien muokkaus<\/a><\/h1>\n\n\n\n<p>Valitse&nbsp;<strong>tyyli<\/strong>&nbsp;ja hiiren oikealla n\u00e4pp\u00e4imell\u00e4&nbsp;<strong>Muokkaa.<\/strong>&nbsp;Alla Normaali.&nbsp;<strong>Muotoile<\/strong>-painikkeella p\u00e4\u00e4see yksityiskohtaisempiin muokkauksiin.<\/p>\n\n\n\n<figure class=\"wp-block-image\"><img src=\"https:\/\/heikkilaakso.com\/office\/images\/tmp221E.png\" alt=\"\"\/><\/figure>\n\n\n\n<h2><a>Uusi tyyli<\/a><\/h2>\n\n\n\n<p><strong>Aloitus, Tyyli, Oikea alanurkka, Uusi tyyli<\/strong>&nbsp;(Painike alhaalla vasemmalla).<\/p>\n\n\n\n<figure class=\"wp-block-image\"><img src=\"https:\/\/heikkilaakso.com\/office\/images\/tmp79DC.png\" alt=\"\"\/><\/figure>\n\n\n\n<h1>Pitk\u00e4t asiakirjat<\/h1>\n\n\n\n<h2><a>Oma osa kansilehdelle ja sis\u00e4llysluettelolle<\/a><\/h2>\n\n\n\n<p>Siirry asiakirjan alkuun (<strong>Ctrl-Home<\/strong>). &nbsp;Lis\u00e4\u00e4 tarvittaessa muutama&nbsp;<strong>Enter.<\/strong><\/p>\n\n\n\n<p>Lis\u00e4\u00e4 osan vaihto:&nbsp;<strong>Sivun asettelu, Sivun asetukset, Vaihdot, Seuraava sivu<\/strong>.<\/p>\n\n\n\n<p>Siirry yl\u00e4tunnisteeseen:&nbsp;<strong>Lis\u00e4\u00e4, Yl\u00e4- ja alatunniste, Yl\u00e4tunniste, Muokkaa yl\u00e4tunnistetta<\/strong>.<\/p>\n\n\n\n<p>Ota&nbsp;<strong>Linkit\u00e4 edelliseen<\/strong>&nbsp;pois p\u00e4\u00e4lt\u00e4.<\/p>\n\n\n\n<figure class=\"wp-block-image\"><img src=\"https:\/\/heikkilaakso.com\/office\/images\/tmp6BD9.png\" alt=\"\"\/><\/figure>\n\n\n\n<h2><a>Yl\u00e4tunnisteteksti ja sivunumero<\/a><\/h2>\n\n\n\n<p>Kirjoita teksti. Sivunumero:&nbsp;<strong>Lis\u00e4\u00e4, Pikaosat, Kentt\u00e4, Page<\/strong>.<\/p>\n\n\n\n<p>Sivum\u00e4\u00e4r\u00e4:&nbsp;<strong>Lis\u00e4\u00e4, Pikaosat, Kentt\u00e4, Numpages<\/strong>.<\/p>\n\n\n\n<h2><a>Sivunumeron aloitus ykk\u00f6sest\u00e4<\/a><\/h2>\n\n\n\n<p><strong>Yl\u00e4- ja alatunniste, Sivunumero, Muotoile sivunumerot, Aloittava numero 1<\/strong>.<\/p>\n\n\n\n<figure class=\"wp-block-image\"><img src=\"https:\/\/heikkilaakso.com\/office\/images\/tmpDA4.png\" alt=\"\"\/><\/figure>\n\n\n\n<h2><a>Sivum\u00e4\u00e4r\u00e4n muuttaminen<\/a><\/h2>\n\n\n\n<p><strong>Lis\u00e4\u00e4, Pikaosat, Kentt\u00e4, SectionPages<\/strong><\/p>\n\n\n\n<p>tai<\/p>\n\n\n\n<p><strong>Ctrl-F9, =, Ctrl-F9, numpages, nuoli oikealle, -x<\/strong>. Tulos: {={NUMPAGES}-x}. Koodit pois:&nbsp;<strong>Alt-F9<\/strong>.<\/p>\n\n\n\n<h2><img loading=\"lazy\" width=\"359\" height=\"366\" alt=\"\" src=\"https:\/\/heikkilaakso.com\/office\/images\/tmpBD06.png\"><a>Otsikoiden numerointi<\/a><\/h2>\n\n\n\n<p>Siirry ensimm\u00e4iseen Otsikko 1 -otsikkoon.<br><strong>Aloitus, Kappale, Monitasoinen luettelo<\/strong>, valitse&nbsp;<strong>Luettelokirjaston<\/strong>&nbsp;toisesta rivist\u00e4 oikeanpuoleisin.<\/p>\n\n\n\n<p>&nbsp;<strong><a>Sis\u00e4llysluettelo<\/a><\/strong><\/p>\n\n\n\n<p>Siirry asiakirjan alkuun (<strong>Ctrl-Home<\/strong>).<br><strong>Viittaukset, Sis\u00e4llysluettelo, Sis\u00e4llysluettelo.<\/strong><\/p>\n\n\n\n<h2><a>Kansilehti<\/a><\/h2>\n\n\n\n<p>Siirry asiakirjan alkuun (<strong>Ctrl-Home<\/strong>).<br>Lis\u00e4\u00e4 tarvittaessa muutama&nbsp;<strong>Enter.<\/strong><br>Luo uusi sivu (<strong>Ctrl-Enter<\/strong>) ja tee kansilehti tai valitse valmiista malleista (<strong>Lis\u00e4\u00e4, Sivut, Kansilehti<\/strong>).<\/p>\n\n\n\n<h1><a>Postitukset<\/a><\/h1>\n\n\n\n<h2><a>Joukkokirje<\/a><\/h2>\n\n\n\n<p>Lis\u00e4\u00e4 vastaanottajat:&nbsp;<strong>Postitukset, Valitse vastaanottajat, K\u00e4yt\u00e4 aiemmin luotua luetteloa.<\/strong><\/p>\n\n\n\n<p>Siirry Asiakirjassa paikkaan, johon lis\u00e4\u00e4t vastaanottajien tiedot.<\/p>\n\n\n\n<p>Lis\u00e4\u00e4 yhdist\u00e4miskent\u00e4t.<\/p>\n\n\n\n<figure class=\"wp-block-image\"><img src=\"https:\/\/heikkilaakso.com\/office\/images\/tmpA969.png\" alt=\"\"\/><\/figure>\n\n\n\n<p>Esikatsele tuloksia.<\/p>\n\n\n\n<p>Viimeistele yhdist\u00e4minen.<\/p>\n\n\n\n<h2><a>Osoitetarrat<\/a><\/h2>\n\n\n\n<p>Valitse tarratyyppi:&nbsp;<strong>Postitukset, Aloita yhdist\u00e4minen, Tarrat.<\/strong><\/p>\n\n\n\n<p>Lis\u00e4\u00e4 vastaanottajat:&nbsp;<strong>Postitukset, Valitse vastaanottajat, K\u00e4yt\u00e4 aiemmin luotua luetteloa.<\/strong><\/p>\n\n\n\n<p>Lis\u00e4\u00e4 yhdist\u00e4miskent\u00e4t.<\/p>\n\n\n\n<figure class=\"wp-block-image\"><img src=\"https:\/\/heikkilaakso.com\/office\/images\/tmpE985.png\" alt=\"\"\/><\/figure>\n\n\n\n<p>Ennen viimeistely\u00e4 valitse&nbsp;<strong>P\u00e4ivit\u00e4 otsikot.<\/strong><\/p>\n\n\n\n<p>Esikatsele tuloksia.<\/p>\n\n\n\n<p>Viimeistele yhdist\u00e4minen.<\/p>\n","protected":false},"excerpt":{"rendered":"<p>Alkuasetukset kuntoon ennen ty\u00f6skentely\u00e4 K\u00e4ytt\u00f6liittym\u00e4 Asiakirjan koko:&nbsp;N\u00e4yt\u00e4, Zoomaus. N\u00e4ytt\u00f6tilat valitaan alhaalla oikealla. N\u00e4kym\u00e4tt\u00f6m\u00e4t merkit:&nbsp;Ctrl+vaihto+8&nbsp;tai&nbsp;Aloitus, Kappale,&nbsp;\u00b6-painike. Asetukset Tiedosto, Asetukset. Tarkista ainakin Tallentaminen. Tekstink\u00e4sittelyn alkutoimet Reunukset ja paperin koko Sivun asettelu, Sivun asetukset, Oikea alakulma. Sivun asetukset voi muuttaa pysyv\u00e4sti painamalla muutosten j\u00e4lkeen&nbsp;Aseta&nbsp;oletukseksi-painiketta. Fontin ja fonttikoon valinta Aloitus, Fontti, Oikea alakulma. Fontin voi muuttaa pysyv\u00e4sti painamalla muutosten <a class=\"read-more\" href=\"https:\/\/heikkilaakso.com\/index.php\/word\/\">Read More<\/a><\/p>\n","protected":false},"author":1,"featured_media":0,"parent":0,"menu_order":0,"comment_status":"closed","ping_status":"closed","template":"","meta":[],"_links":{"self":[{"href":"https:\/\/heikkilaakso.com\/index.php\/wp-json\/wp\/v2\/pages\/1374"}],"collection":[{"href":"https:\/\/heikkilaakso.com\/index.php\/wp-json\/wp\/v2\/pages"}],"about":[{"href":"https:\/\/heikkilaakso.com\/index.php\/wp-json\/wp\/v2\/types\/page"}],"author":[{"embeddable":true,"href":"https:\/\/heikkilaakso.com\/index.php\/wp-json\/wp\/v2\/users\/1"}],"replies":[{"embeddable":true,"href":"https:\/\/heikkilaakso.com\/index.php\/wp-json\/wp\/v2\/comments?post=1374"}],"version-history":[{"count":3,"href":"https:\/\/heikkilaakso.com\/index.php\/wp-json\/wp\/v2\/pages\/1374\/revisions"}],"predecessor-version":[{"id":1377,"href":"https:\/\/heikkilaakso.com\/index.php\/wp-json\/wp\/v2\/pages\/1374\/revisions\/1377"}],"wp:attachment":[{"href":"https:\/\/heikkilaakso.com\/index.php\/wp-json\/wp\/v2\/media?parent=1374"}],"curies":[{"name":"wp","href":"https:\/\/api.w.org\/{rel}","templated":true}]}}