{"id":1792,"date":"2023-01-24T22:01:58","date_gmt":"2023-01-24T20:01:58","guid":{"rendered":"https:\/\/heikkilaakso.com\/?page_id=1792"},"modified":"2023-01-24T22:01:58","modified_gmt":"2023-01-24T20:01:58","slug":"tiiviisti-scribusista","status":"publish","type":"page","link":"https:\/\/heikkilaakso.com\/index.php\/tiiviisti-scribusista\/","title":{"rendered":"Tiiviisti Scribusista"},"content":{"rendered":"\n<h5>Mallisivun tekeminen<\/h5>\n\n\n\n<p>Muokkaa, Mallisivut, Lis\u00e4\u00e4 uusi mallisivu-painike<\/p>\n\n\n\n<p><strong>Apuviivat<\/strong><br>Sivu, Apuviivojen hallinta<\/p>\n\n\n\n<p><strong>Sivunumerointi mallisivuun<\/strong><br>Piirr\u00e4 pieni tekstikehys<br>Lis\u00e4\u00e4, Merkki, Sivunumero<\/p>\n\n\n\n<p><strong>Sivujen lis\u00e4\u00e4minen<\/strong><br>Sivu, Lis\u00e4\u00e4<\/p>\n\n\n\n<p><strong>Mallisivun lis\u00e4\u00e4minen sivuun<\/strong><br>Sivu, K\u00e4yt\u00e4 mallisivua<\/p>\n\n\n\n<p><strong>Sivunumeroiden s\u00e4\u00e4t\u00f6<\/strong><br>Tiedosto, Asiakirjan asettelu, Alueet<\/p>\n\n\n\n<h5>Teksti<\/h5>\n\n\n\n<p><strong>Tekstin tuominen kehykseen<\/strong><br>Tiedosto, Tuo, Hae teksti<\/p>\n\n\n\n<p><strong>Tekstin jatkaminen seuraavaan kehykseen<\/strong><br>Linkit\u00e4 tekstikehykset (N)-painike. Valitse sitten seuraava kehys<\/p>\n\n\n\n<p><strong>Tekstityylit<\/strong><br>Muokkaa, Tyylit, Uusi, Kappaletyyli<\/p>\n\n\n\n<p><strong>Tyylin liitt\u00e4minen kappaleeseen<\/strong><br>Muokkaa, Muokkaa teksti\u00e4<\/p>\n","protected":false},"excerpt":{"rendered":"<p>Mallisivun tekeminen Muokkaa, Mallisivut, Lis\u00e4\u00e4 uusi mallisivu-painike ApuviivatSivu, Apuviivojen hallinta Sivunumerointi mallisivuunPiirr\u00e4 pieni tekstikehysLis\u00e4\u00e4, Merkki, Sivunumero Sivujen lis\u00e4\u00e4minenSivu, Lis\u00e4\u00e4 Mallisivun lis\u00e4\u00e4minen sivuunSivu, K\u00e4yt\u00e4 mallisivua Sivunumeroiden s\u00e4\u00e4t\u00f6Tiedosto, Asiakirjan asettelu, Alueet Teksti Tekstin tuominen kehykseenTiedosto, Tuo, Hae teksti Tekstin jatkaminen seuraavaan kehykseenLinkit\u00e4 tekstikehykset (N)-painike. Valitse sitten seuraava kehys TekstityylitMuokkaa, Tyylit, Uusi, Kappaletyyli Tyylin liitt\u00e4minen kappaleeseenMuokkaa, Muokkaa teksti\u00e4<\/p>\n","protected":false},"author":1,"featured_media":0,"parent":0,"menu_order":0,"comment_status":"closed","ping_status":"closed","template":"","meta":[],"_links":{"self":[{"href":"https:\/\/heikkilaakso.com\/index.php\/wp-json\/wp\/v2\/pages\/1792"}],"collection":[{"href":"https:\/\/heikkilaakso.com\/index.php\/wp-json\/wp\/v2\/pages"}],"about":[{"href":"https:\/\/heikkilaakso.com\/index.php\/wp-json\/wp\/v2\/types\/page"}],"author":[{"embeddable":true,"href":"https:\/\/heikkilaakso.com\/index.php\/wp-json\/wp\/v2\/users\/1"}],"replies":[{"embeddable":true,"href":"https:\/\/heikkilaakso.com\/index.php\/wp-json\/wp\/v2\/comments?post=1792"}],"version-history":[{"count":1,"href":"https:\/\/heikkilaakso.com\/index.php\/wp-json\/wp\/v2\/pages\/1792\/revisions"}],"predecessor-version":[{"id":1793,"href":"https:\/\/heikkilaakso.com\/index.php\/wp-json\/wp\/v2\/pages\/1792\/revisions\/1793"}],"wp:attachment":[{"href":"https:\/\/heikkilaakso.com\/index.php\/wp-json\/wp\/v2\/media?parent=1792"}],"curies":[{"name":"wp","href":"https:\/\/api.w.org\/{rel}","templated":true}]}}