{"id":440,"date":"2020-09-20T19:28:35","date_gmt":"2020-09-20T16:28:35","guid":{"rendered":"http:\/\/heikkilaakso.com\/?page_id=440"},"modified":"2023-04-08T07:26:34","modified_gmt":"2023-04-08T04:26:34","slug":"the-gimp-ohjeita","status":"publish","type":"page","link":"https:\/\/heikkilaakso.com\/index.php\/the-gimp-ohjeita\/","title":{"rendered":"The Gimp, pikaohjeet"},"content":{"rendered":"\t\t<div data-elementor-type=\"wp-page\" data-elementor-id=\"440\" class=\"elementor elementor-440\" data-elementor-settings=\"[]\">\n\t\t\t\t\t\t<div class=\"elementor-inner\">\n\t\t\t\t\t\t\t<div class=\"elementor-section-wrap\">\n\t\t\t\t\t\t\t<section class=\"elementor-section elementor-top-section elementor-element elementor-element-f35bce2 elementor-section-boxed elementor-section-height-default elementor-section-height-default\" data-id=\"f35bce2\" data-element_type=\"section\">\n\t\t\t\t\t\t<div class=\"elementor-container elementor-column-gap-default\">\n\t\t\t\t\t\t\t<div class=\"elementor-row\">\n\t\t\t\t\t<div class=\"elementor-column elementor-col-100 elementor-top-column elementor-element elementor-element-b12c128\" data-id=\"b12c128\" data-element_type=\"column\">\n\t\t\t<div class=\"elementor-column-wrap\">\n\t\t\t\t\t\t\t<div class=\"elementor-widget-wrap\">\n\t\t\t\t\t\t\t\t<\/div>\n\t\t\t\t\t<\/div>\n\t\t<\/div>\n\t\t\t\t\t\t\t\t<\/div>\n\t\t\t\t\t<\/div>\n\t\t<\/section>\n\t\t\t\t<section class=\"elementor-section elementor-top-section elementor-element elementor-element-a276541 elementor-section-boxed elementor-section-height-default elementor-section-height-default\" data-id=\"a276541\" data-element_type=\"section\">\n\t\t\t\t\t\t<div class=\"elementor-container elementor-column-gap-default\">\n\t\t\t\t\t\t\t<div class=\"elementor-row\">\n\t\t\t\t\t<div class=\"elementor-column elementor-col-100 elementor-top-column elementor-element elementor-element-75755f6\" data-id=\"75755f6\" data-element_type=\"column\">\n\t\t\t<div class=\"elementor-column-wrap elementor-element-populated\">\n\t\t\t\t\t\t\t<div class=\"elementor-widget-wrap\">\n\t\t\t\t\t\t<div class=\"elementor-element elementor-element-35012dc elementor-widget elementor-widget-text-editor\" data-id=\"35012dc\" data-element_type=\"widget\" data-widget_type=\"text-editor.default\">\n\t\t\t\t<div class=\"elementor-widget-container\">\n\t\t\t\t\t\t\t\t<div class=\"elementor-text-editor elementor-clearfix\">\n\t\t\t\t\t<h2>K\u00e4ytt\u00f6liittym\u00e4n ulkoasu<\/h2><p><strong>Muokkaa, Asetukset, K\u00e4ytt\u00f6liittym\u00e4.<\/strong><\/p><ul><li>Teema<\/li><li>Kuvaketeema<\/li><li>Ty\u00f6kalupalkki<\/li><\/ul>\t\t\t\t\t<\/div>\n\t\t\t\t\t\t<\/div>\n\t\t\t\t<\/div>\n\t\t\t\t\t\t<\/div>\n\t\t\t\t\t<\/div>\n\t\t<\/div>\n\t\t\t\t\t\t\t\t<\/div>\n\t\t\t\t\t<\/div>\n\t\t<\/section>\n\t\t\t\t<section class=\"elementor-section elementor-top-section elementor-element elementor-element-ddddb50 elementor-section-boxed elementor-section-height-default elementor-section-height-default\" data-id=\"ddddb50\" data-element_type=\"section\">\n\t\t\t\t\t\t<div class=\"elementor-container elementor-column-gap-default\">\n\t\t\t\t\t\t\t<div class=\"elementor-row\">\n\t\t\t\t\t<div class=\"elementor-column elementor-col-100 elementor-top-column elementor-element elementor-element-9cb8e2d\" data-id=\"9cb8e2d\" data-element_type=\"column\">\n\t\t\t<div class=\"elementor-column-wrap\">\n\t\t\t\t\t\t\t<div class=\"elementor-widget-wrap\">\n\t\t\t\t\t\t\t\t<\/div>\n\t\t\t\t\t<\/div>\n\t\t<\/div>\n\t\t\t\t\t\t\t\t<\/div>\n\t\t\t\t\t<\/div>\n\t\t<\/section>\n\t\t\t\t<section class=\"elementor-section elementor-top-section elementor-element elementor-element-cbe7302 elementor-section-boxed elementor-section-height-default elementor-section-height-default\" data-id=\"cbe7302\" data-element_type=\"section\">\n\t\t\t\t\t\t<div class=\"elementor-container elementor-column-gap-default\">\n\t\t\t\t\t\t\t<div class=\"elementor-row\">\n\t\t\t\t\t<div class=\"elementor-column elementor-col-100 elementor-top-column elementor-element elementor-element-00fe017\" data-id=\"00fe017\" data-element_type=\"column\">\n\t\t\t<div class=\"elementor-column-wrap elementor-element-populated\">\n\t\t\t\t\t\t\t<div class=\"elementor-widget-wrap\">\n\t\t\t\t\t\t<div class=\"elementor-element elementor-element-a2e454d elementor-widget elementor-widget-text-editor\" data-id=\"a2e454d\" data-element_type=\"widget\" data-widget_type=\"text-editor.default\">\n\t\t\t\t<div class=\"elementor-widget-container\">\n\t\t\t\t\t\t\t\t<div class=\"elementor-text-editor elementor-clearfix\">\n\t\t\t\t\t<h2 class=\"elementor-heading-title elementor-size-default elementor-inline-editing pen\" contenteditable=\"true\" data-elementor-setting-key=\"title\" data-pen-placeholder=\"Kirjoita t\u00e4h\u00e4n...\">Kuvan kierto, rajaus ja perspektiivi<\/h2><p><strong>Ty\u00f6kalut, K\u00e4\u00e4nt\u00f6ty\u00f6kalut.<\/strong><\/p><ul><li>Kierr\u00e4<\/li><li>Rajaa<\/li><li>Perspektiivi<\/li><li>Handle transform<\/li><\/ul>\t\t\t\t\t<\/div>\n\t\t\t\t\t\t<\/div>\n\t\t\t\t<\/div>\n\t\t\t\t\t\t<\/div>\n\t\t\t\t\t<\/div>\n\t\t<\/div>\n\t\t\t\t\t\t\t\t<\/div>\n\t\t\t\t\t<\/div>\n\t\t<\/section>\n\t\t\t\t<section class=\"elementor-section elementor-top-section elementor-element elementor-element-92c8ddf elementor-section-boxed elementor-section-height-default elementor-section-height-default\" data-id=\"92c8ddf\" data-element_type=\"section\">\n\t\t\t\t\t\t<div class=\"elementor-container elementor-column-gap-default\">\n\t\t\t\t\t\t\t<div class=\"elementor-row\">\n\t\t\t\t\t<div class=\"elementor-column elementor-col-100 elementor-top-column elementor-element elementor-element-002fa12\" data-id=\"002fa12\" data-element_type=\"column\">\n\t\t\t<div class=\"elementor-column-wrap elementor-element-populated\">\n\t\t\t\t\t\t\t<div class=\"elementor-widget-wrap\">\n\t\t\t\t\t\t<div class=\"elementor-element elementor-element-a32f726 elementor-widget elementor-widget-image\" data-id=\"a32f726\" data-element_type=\"widget\" data-widget_type=\"image.default\">\n\t\t\t\t<div class=\"elementor-widget-container\">\n\t\t\t\t\t\t\t\t<div class=\"elementor-image\">\n\t\t\t\t\t\t\t\t\t\t\t\t<img width=\"800\" height=\"600\" src=\"https:\/\/heikkilaakso.com\/wp-content\/uploads\/2019\/10\/71227801_1348036878694979_2066890652569829376_n.jpg\" class=\"attachment-large size-large\" alt=\"\" loading=\"lazy\" srcset=\"https:\/\/heikkilaakso.com\/wp-content\/uploads\/2019\/10\/71227801_1348036878694979_2066890652569829376_n.jpg 836w, https:\/\/heikkilaakso.com\/wp-content\/uploads\/2019\/10\/71227801_1348036878694979_2066890652569829376_n-300x225.jpg 300w, https:\/\/heikkilaakso.com\/wp-content\/uploads\/2019\/10\/71227801_1348036878694979_2066890652569829376_n-768x576.jpg 768w\" sizes=\"(max-width: 800px) 100vw, 800px\" \/>\t\t\t\t\t\t\t\t\t\t\t\t\t\t<\/div>\n\t\t\t\t\t\t<\/div>\n\t\t\t\t<\/div>\n\t\t\t\t\t\t<\/div>\n\t\t\t\t\t<\/div>\n\t\t<\/div>\n\t\t\t\t\t\t\t\t<\/div>\n\t\t\t\t\t<\/div>\n\t\t<\/section>\n\t\t\t\t<section class=\"elementor-section elementor-top-section elementor-element elementor-element-eb394b3 elementor-section-boxed elementor-section-height-default elementor-section-height-default\" data-id=\"eb394b3\" data-element_type=\"section\">\n\t\t\t\t\t\t<div class=\"elementor-container elementor-column-gap-default\">\n\t\t\t\t\t\t\t<div class=\"elementor-row\">\n\t\t\t\t\t<div class=\"elementor-column elementor-col-100 elementor-top-column elementor-element elementor-element-e17b846\" data-id=\"e17b846\" data-element_type=\"column\">\n\t\t\t<div class=\"elementor-column-wrap\">\n\t\t\t\t\t\t\t<div class=\"elementor-widget-wrap\">\n\t\t\t\t\t\t\t\t<\/div>\n\t\t\t\t\t<\/div>\n\t\t<\/div>\n\t\t\t\t\t\t\t\t<\/div>\n\t\t\t\t\t<\/div>\n\t\t<\/section>\n\t\t\t\t<section class=\"elementor-section elementor-top-section elementor-element elementor-element-3a9ddd8 elementor-section-boxed elementor-section-height-default elementor-section-height-default\" data-id=\"3a9ddd8\" data-element_type=\"section\">\n\t\t\t\t\t\t<div class=\"elementor-container elementor-column-gap-default\">\n\t\t\t\t\t\t\t<div class=\"elementor-row\">\n\t\t\t\t\t<div class=\"elementor-column elementor-col-100 elementor-top-column elementor-element elementor-element-d2bcd41\" data-id=\"d2bcd41\" data-element_type=\"column\">\n\t\t\t<div class=\"elementor-column-wrap elementor-element-populated\">\n\t\t\t\t\t\t\t<div class=\"elementor-widget-wrap\">\n\t\t\t\t\t\t<div class=\"elementor-element elementor-element-e2cc6c1 elementor-widget elementor-widget-text-editor\" data-id=\"e2cc6c1\" data-element_type=\"widget\" data-widget_type=\"text-editor.default\">\n\t\t\t\t<div class=\"elementor-widget-container\">\n\t\t\t\t\t\t\t\t<div class=\"elementor-text-editor elementor-clearfix\">\n\t\t\t\t\t<h2 class=\"elementor-heading-title elementor-size-default elementor-inline-editing pen\" contenteditable=\"true\" data-elementor-setting-key=\"title\" data-pen-placeholder=\"Kirjoita t\u00e4h\u00e4n...\">Valotuksen ja v\u00e4rien korjaus<\/h2><h2 class=\"elementor-heading-title elementor-size-default elementor-inline-editing pen\" contenteditable=\"true\" data-elementor-setting-key=\"title\" data-pen-placeholder=\"Kirjoita t\u00e4h\u00e4n...\"><strong style=\"font-size: 15px; color: var( --e-global-color-text );\">V\u00e4rit<\/strong><span style=\"font-size: 15px; color: var( --e-global-color-text );\">.<\/span><\/h2><ul><li>V\u00e4ritasapaino<\/li><li>S\u00e4\u00e4t\u00f6arvot<\/li><li>K\u00e4yr\u00e4t<\/li><li>Automaattinen<\/li><li>Kyll\u00e4isyys<\/li><\/ul>\t\t\t\t\t<\/div>\n\t\t\t\t\t\t<\/div>\n\t\t\t\t<\/div>\n\t\t\t\t\t\t<\/div>\n\t\t\t\t\t<\/div>\n\t\t<\/div>\n\t\t\t\t\t\t\t\t<\/div>\n\t\t\t\t\t<\/div>\n\t\t<\/section>\n\t\t\t\t<section class=\"elementor-section elementor-top-section elementor-element elementor-element-a8ad124 elementor-section-boxed elementor-section-height-default elementor-section-height-default\" data-id=\"a8ad124\" data-element_type=\"section\">\n\t\t\t\t\t\t<div class=\"elementor-container elementor-column-gap-default\">\n\t\t\t\t\t\t\t<div class=\"elementor-row\">\n\t\t\t\t\t<div class=\"elementor-column elementor-col-100 elementor-top-column elementor-element elementor-element-df7c3ce\" data-id=\"df7c3ce\" data-element_type=\"column\">\n\t\t\t<div class=\"elementor-column-wrap elementor-element-populated\">\n\t\t\t\t\t\t\t<div class=\"elementor-widget-wrap\">\n\t\t\t\t\t\t<div class=\"elementor-element elementor-element-6c1c943 elementor-widget elementor-widget-image\" data-id=\"6c1c943\" data-element_type=\"widget\" data-widget_type=\"image.default\">\n\t\t\t\t<div class=\"elementor-widget-container\">\n\t\t\t\t\t\t\t\t<div class=\"elementor-image\">\n\t\t\t\t\t\t\t\t\t\t\t\t<img width=\"800\" height=\"600\" src=\"https:\/\/heikkilaakso.com\/wp-content\/uploads\/2022\/01\/271139300_1113666662725994_3486518887000765604_n-1-1024x768.jpg\" class=\"attachment-large size-large\" alt=\"\" loading=\"lazy\" srcset=\"https:\/\/heikkilaakso.com\/wp-content\/uploads\/2022\/01\/271139300_1113666662725994_3486518887000765604_n-1-1024x768.jpg 1024w, https:\/\/heikkilaakso.com\/wp-content\/uploads\/2022\/01\/271139300_1113666662725994_3486518887000765604_n-1-300x225.jpg 300w, https:\/\/heikkilaakso.com\/wp-content\/uploads\/2022\/01\/271139300_1113666662725994_3486518887000765604_n-1-768x576.jpg 768w, https:\/\/heikkilaakso.com\/wp-content\/uploads\/2022\/01\/271139300_1113666662725994_3486518887000765604_n-1-1536x1152.jpg 1536w, https:\/\/heikkilaakso.com\/wp-content\/uploads\/2022\/01\/271139300_1113666662725994_3486518887000765604_n-1.jpg 2048w\" sizes=\"(max-width: 800px) 100vw, 800px\" \/>\t\t\t\t\t\t\t\t\t\t\t\t\t\t<\/div>\n\t\t\t\t\t\t<\/div>\n\t\t\t\t<\/div>\n\t\t\t\t\t\t<\/div>\n\t\t\t\t\t<\/div>\n\t\t<\/div>\n\t\t\t\t\t\t\t\t<\/div>\n\t\t\t\t\t<\/div>\n\t\t<\/section>\n\t\t\t\t<section class=\"elementor-section elementor-top-section elementor-element elementor-element-36c2e40 elementor-section-boxed elementor-section-height-default elementor-section-height-default\" data-id=\"36c2e40\" data-element_type=\"section\">\n\t\t\t\t\t\t<div class=\"elementor-container elementor-column-gap-default\">\n\t\t\t\t\t\t\t<div class=\"elementor-row\">\n\t\t\t\t\t<div class=\"elementor-column elementor-col-100 elementor-top-column elementor-element elementor-element-caabb06\" data-id=\"caabb06\" data-element_type=\"column\">\n\t\t\t<div class=\"elementor-column-wrap elementor-element-populated\">\n\t\t\t\t\t\t\t<div class=\"elementor-widget-wrap\">\n\t\t\t\t\t\t<div class=\"elementor-element elementor-element-b0048c9 elementor-widget elementor-widget-image\" data-id=\"b0048c9\" data-element_type=\"widget\" data-widget_type=\"image.default\">\n\t\t\t\t<div class=\"elementor-widget-container\">\n\t\t\t\t\t\t\t\t<div class=\"elementor-image\">\n\t\t\t\t\t\t\t\t\t\t\t\t<img width=\"800\" height=\"600\" src=\"https:\/\/heikkilaakso.com\/wp-content\/uploads\/2019\/10\/vene-1024x768.jpg\" class=\"attachment-large size-large\" alt=\"\" loading=\"lazy\" srcset=\"https:\/\/heikkilaakso.com\/wp-content\/uploads\/2019\/10\/vene-1024x768.jpg 1024w, https:\/\/heikkilaakso.com\/wp-content\/uploads\/2019\/10\/vene-300x225.jpg 300w, https:\/\/heikkilaakso.com\/wp-content\/uploads\/2019\/10\/vene-768x576.jpg 768w\" sizes=\"(max-width: 800px) 100vw, 800px\" \/>\t\t\t\t\t\t\t\t\t\t\t\t\t\t<\/div>\n\t\t\t\t\t\t<\/div>\n\t\t\t\t<\/div>\n\t\t\t\t\t\t<\/div>\n\t\t\t\t\t<\/div>\n\t\t<\/div>\n\t\t\t\t\t\t\t\t<\/div>\n\t\t\t\t\t<\/div>\n\t\t<\/section>\n\t\t\t\t<section class=\"elementor-section elementor-top-section elementor-element elementor-element-7e87050 elementor-section-boxed elementor-section-height-default elementor-section-height-default\" data-id=\"7e87050\" data-element_type=\"section\">\n\t\t\t\t\t\t<div class=\"elementor-container elementor-column-gap-default\">\n\t\t\t\t\t\t\t<div class=\"elementor-row\">\n\t\t\t\t\t<div class=\"elementor-column elementor-col-100 elementor-top-column elementor-element elementor-element-66f962b\" data-id=\"66f962b\" data-element_type=\"column\">\n\t\t\t<div class=\"elementor-column-wrap elementor-element-populated\">\n\t\t\t\t\t\t\t<div class=\"elementor-widget-wrap\">\n\t\t\t\t\t\t<div class=\"elementor-element elementor-element-6703e8f elementor-widget elementor-widget-image\" data-id=\"6703e8f\" data-element_type=\"widget\" data-widget_type=\"image.default\">\n\t\t\t\t<div class=\"elementor-widget-container\">\n\t\t\t\t\t\t\t\t<div class=\"elementor-image\">\n\t\t\t\t\t\t\t\t\t\t\t\t<img width=\"686\" height=\"1024\" src=\"https:\/\/heikkilaakso.com\/wp-content\/uploads\/2019\/11\/1-686x1024.jpg\" class=\"attachment-large size-large\" alt=\"\" loading=\"lazy\" srcset=\"https:\/\/heikkilaakso.com\/wp-content\/uploads\/2019\/11\/1-686x1024.jpg 686w, https:\/\/heikkilaakso.com\/wp-content\/uploads\/2019\/11\/1-201x300.jpg 201w, https:\/\/heikkilaakso.com\/wp-content\/uploads\/2019\/11\/1-768x1147.jpg 768w, https:\/\/heikkilaakso.com\/wp-content\/uploads\/2019\/11\/1.jpg 1200w\" sizes=\"(max-width: 686px) 100vw, 686px\" \/>\t\t\t\t\t\t\t\t\t\t\t\t\t\t<\/div>\n\t\t\t\t\t\t<\/div>\n\t\t\t\t<\/div>\n\t\t\t\t\t\t<\/div>\n\t\t\t\t\t<\/div>\n\t\t<\/div>\n\t\t\t\t\t\t\t\t<\/div>\n\t\t\t\t\t<\/div>\n\t\t<\/section>\n\t\t\t\t<section class=\"elementor-section elementor-top-section elementor-element elementor-element-89563b8 elementor-section-boxed elementor-section-height-default elementor-section-height-default\" data-id=\"89563b8\" data-element_type=\"section\">\n\t\t\t\t\t\t<div class=\"elementor-container elementor-column-gap-default\">\n\t\t\t\t\t\t\t<div class=\"elementor-row\">\n\t\t\t\t\t<div class=\"elementor-column elementor-col-100 elementor-top-column elementor-element elementor-element-ea63619\" data-id=\"ea63619\" data-element_type=\"column\">\n\t\t\t<div class=\"elementor-column-wrap elementor-element-populated\">\n\t\t\t\t\t\t\t<div class=\"elementor-widget-wrap\">\n\t\t\t\t\t\t<div class=\"elementor-element elementor-element-90ffcfe elementor-widget elementor-widget-text-editor\" data-id=\"90ffcfe\" data-element_type=\"widget\" data-widget_type=\"text-editor.default\">\n\t\t\t\t<div class=\"elementor-widget-container\">\n\t\t\t\t\t\t\t\t<div class=\"elementor-text-editor elementor-clearfix\">\n\t\t\t\t\t<h2>Tasot<\/h2><ul><li>Uusi taso: <b>Taso, Uusi taso<\/b><\/li><li>Uusi taso valinnasta: Kopioi valinta, <b>Muokkaa, Kopioi.<\/b>\u00a0Liit\u00e4: <b>Muokkaa, Liit\u00e4 m\u00e4\u00e4r\u00e4ten, Uusi taso<\/b><\/li><\/ul>\t\t\t\t\t<\/div>\n\t\t\t\t\t\t<\/div>\n\t\t\t\t<\/div>\n\t\t\t\t\t\t<\/div>\n\t\t\t\t\t<\/div>\n\t\t<\/div>\n\t\t\t\t\t\t\t\t<\/div>\n\t\t\t\t\t<\/div>\n\t\t<\/section>\n\t\t\t\t<section class=\"elementor-section elementor-top-section elementor-element elementor-element-87e3784 elementor-section-boxed elementor-section-height-default elementor-section-height-default\" data-id=\"87e3784\" data-element_type=\"section\">\n\t\t\t\t\t\t<div class=\"elementor-container elementor-column-gap-default\">\n\t\t\t\t\t\t\t<div class=\"elementor-row\">\n\t\t\t\t\t<div class=\"elementor-column elementor-col-100 elementor-top-column elementor-element elementor-element-4419b2f\" data-id=\"4419b2f\" data-element_type=\"column\">\n\t\t\t<div class=\"elementor-column-wrap elementor-element-populated\">\n\t\t\t\t\t\t\t<div class=\"elementor-widget-wrap\">\n\t\t\t\t\t\t<div class=\"elementor-element elementor-element-57ff592 elementor-widget elementor-widget-image\" data-id=\"57ff592\" data-element_type=\"widget\" data-widget_type=\"image.default\">\n\t\t\t\t<div class=\"elementor-widget-container\">\n\t\t\t\t\t\t\t\t<div class=\"elementor-image\">\n\t\t\t\t\t\t\t\t\t\t\t\t<img width=\"800\" height=\"536\" src=\"https:\/\/heikkilaakso.com\/wp-content\/uploads\/2019\/11\/kuva_017-1024x686.jpg\" class=\"attachment-large size-large\" alt=\"\" loading=\"lazy\" srcset=\"https:\/\/heikkilaakso.com\/wp-content\/uploads\/2019\/11\/kuva_017-1024x686.jpg 1024w, https:\/\/heikkilaakso.com\/wp-content\/uploads\/2019\/11\/kuva_017-300x201.jpg 300w, https:\/\/heikkilaakso.com\/wp-content\/uploads\/2019\/11\/kuva_017-768x514.jpg 768w, https:\/\/heikkilaakso.com\/wp-content\/uploads\/2019\/11\/kuva_017.jpg 1792w\" sizes=\"(max-width: 800px) 100vw, 800px\" \/>\t\t\t\t\t\t\t\t\t\t\t\t\t\t<\/div>\n\t\t\t\t\t\t<\/div>\n\t\t\t\t<\/div>\n\t\t\t\t\t\t<\/div>\n\t\t\t\t\t<\/div>\n\t\t<\/div>\n\t\t\t\t\t\t\t\t<\/div>\n\t\t\t\t\t<\/div>\n\t\t<\/section>\n\t\t\t\t<section class=\"elementor-section elementor-top-section elementor-element elementor-element-b724e9a elementor-section-boxed elementor-section-height-default elementor-section-height-default\" data-id=\"b724e9a\" data-element_type=\"section\">\n\t\t\t\t\t\t<div class=\"elementor-container elementor-column-gap-default\">\n\t\t\t\t\t\t\t<div class=\"elementor-row\">\n\t\t\t\t\t<div class=\"elementor-column elementor-col-100 elementor-top-column elementor-element elementor-element-8bba405\" data-id=\"8bba405\" data-element_type=\"column\">\n\t\t\t<div class=\"elementor-column-wrap elementor-element-populated\">\n\t\t\t\t\t\t\t<div class=\"elementor-widget-wrap\">\n\t\t\t\t\t\t<div class=\"elementor-element elementor-element-6d960ea elementor-widget elementor-widget-text-editor\" data-id=\"6d960ea\" data-element_type=\"widget\" data-widget_type=\"text-editor.default\">\n\t\t\t\t<div class=\"elementor-widget-container\">\n\t\t\t\t\t\t\t\t<div class=\"elementor-text-editor elementor-clearfix\">\n\t\t\t\t\t<h3>Tasojen sekoitusesimerkkej\u00e4<\/h3><p>Sama kuva on kahdelle tasolle.\u00a0\u00a0<strong>Valitse, Kaikki. Muokkaa, Kopioi. Muokkaa, Liit\u00e4 m\u00e4\u00e4r\u00e4ten, Uusi taso.<\/strong><\/p><ul><li>Haalean kuvan kirkastaminen: Valitse ylempi taso ja muuta sekoitustyyliksi\u00a0<strong>Multiply.<\/strong><\/li><li>T\u00e4ytesalama: Muuta ylempi taso mustavalkoiseksi negatiiviksi . <strong>V\u00e4rit,\u00a0 K\u00e4\u00e4nteinen. V\u00e4rit, Kyll\u00e4isyys, <\/strong>nolla.\u00a0 Muuta sekoitustyyliksi\u00a0<strong>Overlay.<br \/><\/strong><\/li><\/ul>\t\t\t\t\t<\/div>\n\t\t\t\t\t\t<\/div>\n\t\t\t\t<\/div>\n\t\t\t\t\t\t<\/div>\n\t\t\t\t\t<\/div>\n\t\t<\/div>\n\t\t\t\t\t\t\t\t<\/div>\n\t\t\t\t\t<\/div>\n\t\t<\/section>\n\t\t\t\t<section class=\"elementor-section elementor-top-section elementor-element elementor-element-677d8ec elementor-section-boxed elementor-section-height-default elementor-section-height-default\" data-id=\"677d8ec\" data-element_type=\"section\">\n\t\t\t\t\t\t<div class=\"elementor-container elementor-column-gap-default\">\n\t\t\t\t\t\t\t<div class=\"elementor-row\">\n\t\t\t\t\t<div class=\"elementor-column elementor-col-100 elementor-top-column elementor-element elementor-element-eac0bd4\" data-id=\"eac0bd4\" data-element_type=\"column\">\n\t\t\t<div class=\"elementor-column-wrap elementor-element-populated\">\n\t\t\t\t\t\t\t<div class=\"elementor-widget-wrap\">\n\t\t\t\t\t\t<div class=\"elementor-element elementor-element-35b4457 elementor-widget elementor-widget-image\" data-id=\"35b4457\" data-element_type=\"widget\" data-widget_type=\"image.default\">\n\t\t\t\t<div class=\"elementor-widget-container\">\n\t\t\t\t\t\t\t\t<div class=\"elementor-image\">\n\t\t\t\t\t\t\t\t\t\t\t\t<img width=\"800\" height=\"600\" src=\"https:\/\/heikkilaakso.com\/wp-content\/uploads\/2023\/03\/20190907_170638-1024x768.jpg\" class=\"attachment-large size-large\" alt=\"\" loading=\"lazy\" srcset=\"https:\/\/heikkilaakso.com\/wp-content\/uploads\/2023\/03\/20190907_170638-1024x768.jpg 1024w, https:\/\/heikkilaakso.com\/wp-content\/uploads\/2023\/03\/20190907_170638-300x225.jpg 300w, https:\/\/heikkilaakso.com\/wp-content\/uploads\/2023\/03\/20190907_170638-768x576.jpg 768w, https:\/\/heikkilaakso.com\/wp-content\/uploads\/2023\/03\/20190907_170638-1536x1152.jpg 1536w, https:\/\/heikkilaakso.com\/wp-content\/uploads\/2023\/03\/20190907_170638-2048x1536.jpg 2048w\" sizes=\"(max-width: 800px) 100vw, 800px\" \/>\t\t\t\t\t\t\t\t\t\t\t\t\t\t<\/div>\n\t\t\t\t\t\t<\/div>\n\t\t\t\t<\/div>\n\t\t\t\t\t\t<\/div>\n\t\t\t\t\t<\/div>\n\t\t<\/div>\n\t\t\t\t\t\t\t\t<\/div>\n\t\t\t\t\t<\/div>\n\t\t<\/section>\n\t\t\t\t<section class=\"elementor-section elementor-top-section elementor-element elementor-element-1f8249b elementor-section-boxed elementor-section-height-default elementor-section-height-default\" data-id=\"1f8249b\" data-element_type=\"section\">\n\t\t\t\t\t\t<div class=\"elementor-container elementor-column-gap-default\">\n\t\t\t\t\t\t\t<div class=\"elementor-row\">\n\t\t\t\t\t<div class=\"elementor-column elementor-col-100 elementor-top-column elementor-element elementor-element-7e6cdc5\" data-id=\"7e6cdc5\" data-element_type=\"column\">\n\t\t\t<div class=\"elementor-column-wrap elementor-element-populated\">\n\t\t\t\t\t\t\t<div class=\"elementor-widget-wrap\">\n\t\t\t\t\t\t<div class=\"elementor-element elementor-element-b428bda elementor-widget elementor-widget-text-editor\" data-id=\"b428bda\" data-element_type=\"widget\" data-widget_type=\"text-editor.default\">\n\t\t\t\t<div class=\"elementor-widget-container\">\n\t\t\t\t\t\t\t\t<div class=\"elementor-text-editor elementor-clearfix\">\n\t\t\t\t\t<h2>Valintaty\u00f6kalut<\/h2><ul><li style=\"font-size: 15px;\">\u00a0Suorakulmiovalinta, Ellipsivalinta<\/li><li style=\"font-size: 15px;\">Vapaa valinta, Saksivalinta, Edustan valinta<\/li><li style=\"font-size: 15px;\">Sumea valinta (taikasauva), Valitse v\u00e4rin mukaan<\/li><li style=\"font-size: 15px;\"><strong style=\"font-size: 15px;\">Valinta, Pikamaski<\/strong><strong style=\"font-size: 15px;\">\u00a0<\/strong><\/li><li style=\"font-size: 15px;\"><strong style=\"font-size: 15px;\">Alt: Valinnan siirto.<br style=\"font-weight: 400;\" \/><span style=\"font-family: Roboto, sans-serif; font-size: 15px; font-style: normal; font-weight: 400;\">Valinnan muuttaminen kehyksest\u00e4.<\/span><br style=\"font-weight: 400;\" \/><span style=\"font-family: Roboto, sans-serif; font-size: 15px; font-style: normal; font-weight: 400;\">Valinnan laajennus, v\u00e4hent\u00e4minen ja leikkaus painikkeilla.<\/span><br style=\"font-weight: 400;\" \/><span style=\"font-family: Roboto, sans-serif; font-size: 15px; font-style: normal; font-weight: 400;\">Valinnan k\u00e4\u00e4nt\u00e4minen:\u00a0<\/span><span style=\"font-weight: bold; font-family: Roboto, sans-serif; font-size: 15px; font-style: normal;\">Valinta,\u00a0K\u00e4\u00e4nt\u00e4minen<\/span><br style=\"font-weight: 400;\" \/><span style=\"font-family: Roboto, sans-serif; font-size: 15px; font-style: normal; font-weight: 400;\">Valinnan purku:\u00a0<\/span><strong style=\"font-family: Roboto, sans-serif; font-size: 15px; font-style: normal;\">Valinta, Ei mit\u00e4\u00e4n.<\/strong><br \/><\/strong><\/li><\/ul>\t\t\t\t\t<\/div>\n\t\t\t\t\t\t<\/div>\n\t\t\t\t<\/div>\n\t\t\t\t\t\t<\/div>\n\t\t\t\t\t<\/div>\n\t\t<\/div>\n\t\t\t\t\t\t\t\t<\/div>\n\t\t\t\t\t<\/div>\n\t\t<\/section>\n\t\t\t\t\t\t<\/div>\n\t\t\t\t\t\t<\/div>\n\t\t\t\t\t<\/div>\n\t\t","protected":false},"excerpt":{"rendered":"<p>K\u00e4ytt\u00f6liittym\u00e4n ulkoasu Muokkaa, Asetukset, K\u00e4ytt\u00f6liittym\u00e4. Teema Kuvaketeema Ty\u00f6kalupalkki Kuvan kierto, rajaus ja perspektiivi Ty\u00f6kalut, K\u00e4\u00e4nt\u00f6ty\u00f6kalut. Kierr\u00e4 Rajaa Perspektiivi Handle transform Valotuksen ja v\u00e4rien korjaus V\u00e4rit. V\u00e4ritasapaino S\u00e4\u00e4t\u00f6arvot K\u00e4yr\u00e4t Automaattinen Kyll\u00e4isyys Tasot Uusi taso: Taso, Uusi taso Uusi taso valinnasta: Kopioi valinta, Muokkaa, Kopioi.\u00a0Liit\u00e4: Muokkaa, Liit\u00e4 m\u00e4\u00e4r\u00e4ten, Uusi taso Tasojen sekoitusesimerkkej\u00e4 Sama kuva on kahdelle tasolle.\u00a0\u00a0Valitse, <a class=\"read-more\" href=\"https:\/\/heikkilaakso.com\/index.php\/the-gimp-ohjeita\/\">Read More<\/a><\/p>\n","protected":false},"author":1,"featured_media":0,"parent":0,"menu_order":0,"comment_status":"closed","ping_status":"closed","template":"","meta":[],"_links":{"self":[{"href":"https:\/\/heikkilaakso.com\/index.php\/wp-json\/wp\/v2\/pages\/440"}],"collection":[{"href":"https:\/\/heikkilaakso.com\/index.php\/wp-json\/wp\/v2\/pages"}],"about":[{"href":"https:\/\/heikkilaakso.com\/index.php\/wp-json\/wp\/v2\/types\/page"}],"author":[{"embeddable":true,"href":"https:\/\/heikkilaakso.com\/index.php\/wp-json\/wp\/v2\/users\/1"}],"replies":[{"embeddable":true,"href":"https:\/\/heikkilaakso.com\/index.php\/wp-json\/wp\/v2\/comments?post=440"}],"version-history":[{"count":80,"href":"https:\/\/heikkilaakso.com\/index.php\/wp-json\/wp\/v2\/pages\/440\/revisions"}],"predecessor-version":[{"id":2017,"href":"https:\/\/heikkilaakso.com\/index.php\/wp-json\/wp\/v2\/pages\/440\/revisions\/2017"}],"wp:attachment":[{"href":"https:\/\/heikkilaakso.com\/index.php\/wp-json\/wp\/v2\/media?parent=440"}],"curies":[{"name":"wp","href":"https:\/\/api.w.org\/{rel}","templated":true}]}}